{"id":3516,"date":"2020-11-23T14:57:05","date_gmt":"2020-11-23T13:57:05","guid":{"rendered":"https:\/\/www.campinglabaiedesveys.com\/kontaktieren-sie-uns\/"},"modified":"2024-06-10T14:27:01","modified_gmt":"2024-06-10T12:27:01","slug":"kontaktieren-sie-uns","status":"publish","type":"page","link":"https:\/\/www.campinglabaiedesveys.com\/de\/kontaktieren-sie-uns\/","title":{"rendered":"Kontaktieren Sie uns"},"content":{"rendered":"<p>[et_pb_section fb_built=&#8220;1&#8243; admin_label=&#8220;Header Section&#8220; _builder_version=&#8220;4.18.0&#8243; use_background_color_gradient=&#8220;on&#8220; background_color_gradient_stops=&#8220;#e9f0f6 0%|rgba(233,240,246,0.2) 100%&#8220; background_color_gradient_overlays_image=&#8220;on&#8220; background_color_gradient_start=&#8220;#e9f0f6&#8243; background_color_gradient_end=&#8220;rgba(233,240,246,0.2)&#8220; background_image=&#8220;https:\/\/www.campinglabaiedesveys.com\/wp-content\/uploads\/2022\/10\/canoe-baie-des-veys-normandie.jpg&#8220; custom_padding=&#8220;10%||20%|&#8220; global_colors_info=&#8220;{}&#8220;][et_pb_row custom_padding_last_edited=&#8220;off|desktop&#8220; admin_label=&#8220;Header Row&#8220; _builder_version=&#8220;4.16&#8243; custom_margin=&#8220;|||&#8220; custom_padding=&#8220;|||&#8220; custom_padding_phone=&#8220;3vw|||&#8220; global_colors_info=&#8220;{}&#8220;][et_pb_column type=&#8220;4_4&#8243; _builder_version=&#8220;4.16&#8243; custom_padding=&#8220;|||&#8220; global_colors_info=&#8220;{}&#8220; custom_padding__hover=&#8220;|||&#8220;][et_pb_text admin_label=&#8220;Heading &#038; Subheading&#8220; _builder_version=&#8220;4.16&#8243; text_font=&#8220;Muli|600|||||||&#8220; text_font_size=&#8220;18px&#8220; text_line_height=&#8220;1.8em&#8220; header_font=&#8220;Muli|700|||||||&#8220; header_font_size=&#8220;65px&#8220; header_line_height=&#8220;1.4em&#8220; header_2_font=&#8220;||||||||&#8220; text_orientation=&#8220;center&#8220; max_width=&#8220;800px&#8220; max_width_last_edited=&#8220;off|desktop&#8220; module_alignment=&#8220;center&#8220; custom_margin=&#8220;|||&#8220; custom_padding=&#8220;|||&#8220; custom_padding_last_edited=&#8220;off|desktop&#8220; animation_style=&#8220;fade&#8220; global_colors_info=&#8220;{}&#8220;]<\/p>\n<h1>Kontaktieren Sie uns<\/h1>\n<p>Sie m\u00f6chten Ihre Reise organisieren, haben eine Frage? Wir stehen Ihnen zur Verf\u00fcgung!<\/p>\n<p>[\/et_pb_text][\/et_pb_column][\/et_pb_row][\/et_pb_section][et_pb_section fb_built=&#8220;1&#8243; admin_label=&#8220;Contact Section&#8220; _builder_version=&#8220;4.16&#8243; background_color=&#8220;#e9f0f6&#8243; custom_padding=&#8220;54px|0px|100px|0px&#8220; global_colors_info=&#8220;{}&#8220;][et_pb_row column_structure=&#8220;1_2,1_2&#8243; admin_label=&#8220;Message Row&#8220; _builder_version=&#8220;4.18.0&#8243; custom_padding=&#8220;|||&#8220; global_colors_info=&#8220;{}&#8220;][et_pb_column type=&#8220;1_2&#8243; _builder_version=&#8220;4.16&#8243; custom_padding=&#8220;|||&#8220; global_colors_info=&#8220;{}&#8220; custom_padding__hover=&#8220;|||&#8220;][et_pb_text admin_label=&#8220;Title&#8220; _builder_version=&#8220;4.16&#8243; text_font=&#8220;Muli|600|||||||&#8220; text_text_color=&#8220;#737373&#8243; text_font_size=&#8220;18px&#8220; header_font=&#8220;||||||||&#8220; header_2_font=&#8220;Muli|700|||||||&#8220; header_2_text_align=&#8220;left&#8220; header_2_font_size=&#8220;50px&#8220; header_2_line_height=&#8220;1.4em&#8220; max_width_last_edited=&#8220;off|desktop&#8220; custom_margin=&#8220;|||&#8220; custom_padding=&#8220;|||&#8220; custom_padding_last_edited=&#8220;off|desktop&#8220; header_2_font_size_tablet=&#8220;&#8220; header_2_font_size_phone=&#8220;40px&#8220; header_2_font_size_last_edited=&#8220;on|phone&#8220; global_colors_info=&#8220;{}&#8220;]<\/p>\n<h2>Hinterlassen Sie uns eine Nachricht<\/h2>\n<p>[\/et_pb_text][\/et_pb_column][et_pb_column type=&#8220;1_2&#8243; _builder_version=&#8220;4.18.0&#8243; custom_padding=&#8220;|||&#8220; global_colors_info=&#8220;{}&#8220; custom_padding__hover=&#8220;|||&#8220;][et_pb_code _builder_version=&#8220;4.18.0&#8243; _module_preset=&#8220;default&#8220; global_colors_info=&#8220;{}&#8220;]<div class=\"forminator-ui forminator-custom-form forminator-custom-form-163 forminator-design--bold  forminator_ajax\" data-forminator-render=\"0\" data-form=\"forminator-module-163\" data-uid=\"69d291771c826\"><br\/><\/div><form\n\t\t\t\tid=\"forminator-module-163\"\n\t\t\t\tclass=\"forminator-ui forminator-custom-form forminator-custom-form-163 forminator-design--bold  forminator_ajax\"\n\t\t\t\tmethod=\"post\"\n\t\t\t\tdata-forminator-render=\"0\"\n\t\t\t\tdata-form-id=\"163\"\n\t\t\t\t data-color-option=\"default\" data-design=\"bold\" data-grid=\"open\" style=\"display: none;\"\n\t\t\t\tdata-uid=\"69d291771c826\"\n\t\t\t><div role=\"alert\" aria-live=\"polite\" class=\"forminator-response-message forminator-error\" aria-hidden=\"true\"><\/div><div class=\"forminator-row\"><div id=\"name-1\" class=\"forminator-field-name forminator-col forminator-col-12 \"><div class=\"forminator-field\"><label for=\"forminator-field-name-1_69d291771c826\" id=\"forminator-field-name-1_69d291771c826-label\" class=\"forminator-label\">Nom Pr\u00e9nom <span class=\"forminator-required\">*<\/span><\/label><input type=\"text\" name=\"name-1\" value=\"\" placeholder=\"Par exemple\u00a0: \u00ab\u00a0Durand Jean\u00a0\u00bb\" id=\"forminator-field-name-1_69d291771c826\" class=\"forminator-input forminator-name--field\" aria-required=\"true\" autocomplete=\"name\" \/><\/div><\/div><\/div><div class=\"forminator-row\"><div id=\"email-1\" class=\"forminator-field-email forminator-col forminator-col-12 \"><div class=\"forminator-field\"><label for=\"forminator-field-email-1_69d291771c826\" id=\"forminator-field-email-1_69d291771c826-label\" class=\"forminator-label\">Adresse de messagerie <span class=\"forminator-required\">*<\/span><\/label><input type=\"email\" name=\"email-1\" value=\"\" placeholder=\"Par exemple\u00a0: jacques@martin.com\" id=\"forminator-field-email-1_69d291771c826\" class=\"forminator-input forminator-email--field\" data-required=\"true\" aria-required=\"true\" autocomplete=\"email\" \/><\/div><\/div><\/div><div class=\"forminator-row\"><div id=\"phone-1\" class=\"forminator-field-phone forminator-col forminator-col-12 \"><div class=\"forminator-field\"><label for=\"forminator-field-phone-1_69d291771c826\" id=\"forminator-field-phone-1_69d291771c826-label\" class=\"forminator-label\">Num\u00e9ro de t\u00e9l\u00e9phone<\/label><input type=\"text\" name=\"phone-1\" value=\"\" placeholder=\"Par exemple\u00a0: +1 3004005000\" id=\"forminator-field-phone-1_69d291771c826\" class=\"forminator-input forminator-field--phone\" data-required=\"\" aria-required=\"false\" autocomplete=\"off\" \/><\/div><\/div><\/div><div class=\"forminator-row\"><div id=\"textarea-1\" class=\"forminator-field-textarea forminator-col forminator-col-12  form-mulish\"><div class=\"forminator-field\"><label for=\"forminator-field-textarea-1_69d291771c826\" id=\"forminator-field-textarea-1_69d291771c826-label\" class=\"forminator-label\">Message<\/label><textarea name=\"textarea-1\" placeholder=\"Saisissez votre message\u2026\" id=\"forminator-field-textarea-1_69d291771c826\" class=\"forminator-textarea\" rows=\"6\" style=\"min-height:140px;\" maxlength=\"500\" ><\/textarea><span id=\"forminator-field-textarea-1_69d291771c826-description\" class=\"forminator-description\"><span data-limit=\"500\" data-type=\"characters\" data-editor=\"\">0 \/ 500<\/span><\/span><\/div><\/div><\/div><div class=\"forminator-row\"><div id=\"consent-1\" class=\"forminator-field-consent forminator-col forminator-col-12  form-mulish\"><div class=\"forminator-field\"><label for=\"forminator-field-consent-1_69d291771c826\" id=\"forminator-field-consent-1_69d291771c826-label\" class=\"forminator-label\">Donn\u00e9es personnelles <span class=\"forminator-required\">*<\/span><\/label><div class=\"forminator-checkbox__wrapper\"><label id=\"forminator-field-consent-1_69d291771c826__label\" class=\"forminator-checkbox forminator-consent\"><input type=\"checkbox\" name=\"consent-1\" id=\"forminator-field-consent-1_69d291771c826\" value=\"checked\" aria-labelledby=\"forminator-field-consent-1_69d291771c826-label\" aria-describedby=\"forminator-field-consent-1_69d291771c826__description\" data-required=\"true\" aria-required=\"true\" \/><span class=\"forminator-checkbox-box\" aria-hidden=\"true\"><\/span><\/label><div id=\"forminator-field-consent-1_69d291771c826__description\" class=\"forminator-checkbox__label forminator-consent__label\"><p>J'accepte l'utilisation de ces donn\u00e9es personnelles pour \u00eatre recontact\u00e9<\/p><\/div><\/div><\/div><\/div><\/div><div class=\"forminator-row\" style=\"margin: 0;\"><div id=\"captcha-1\" class=\"forminator-field-captcha  forminator-col-12 \"><div class=\"forminator-captcha-right forminator-hcaptcha\" data-theme=\"light\"  data-sitekey=\"e272b13e-1ff6-4296-9e2c-084eea025caa\" data-size=\"invisible\"><\/div> <div class=\"forminator-checkbox__label\"><p>Ce site est prot\u00e9g\u00e9 par hCaptcha et sa politique de confidentialit\u00e9 et ses conditions d'utilisation s'appliquent.<\/p><\/div><\/div><\/div><input type=\"hidden\" name=\"referer_url\" value=\"\" \/><div class=\"forminator-row forminator-row-last\"><div class=\"forminator-col\"><div class=\"forminator-field\"><button class=\"forminator-button forminator-button-submit\">Envoyer le message<\/button><\/div><\/div><\/div><input type=\"hidden\" id=\"forminator_nonce\" name=\"forminator_nonce\" value=\"12729f259e\" \/><input type=\"hidden\" name=\"_wp_http_referer\" value=\"\/de\/wp-json\/wp\/v2\/pages\/3516\" \/><input type=\"hidden\" name=\"form_id\" value=\"163\"><input type=\"hidden\" name=\"page_id\" value=\"3516\"><input type=\"hidden\" name=\"form_type\" value=\"default\"><input type=\"hidden\" name=\"current_url\" value=\"https:\/\/www.campinglabaiedesveys.com\/de\/kontaktieren-sie-uns\/\"><input type=\"hidden\" name=\"render_id\" value=\"0\"><input type=\"hidden\" name=\"action\" value=\"forminator_submit_form_custom-forms\"><label for=\"input_6\" class=\"forminator-hidden\" aria-hidden=\"true\">Bitte f\u00fclle dieses Feld nicht aus. <input id=\"input_6\" type=\"text\" name=\"input_6\" value=\"\" autocomplete=\"off\"><\/label><\/form>[\/et_pb_code][\/et_pb_column][\/et_pb_row][\/et_pb_section][et_pb_section fb_built=&#8220;1&#8243; admin_label=&#8220;Map Section&#8220; _builder_version=&#8220;4.16&#8243; background_color=&#8220;#e9f0f6&#8243; custom_padding=&#8220;100px|0px|100px|0px&#8220; global_colors_info=&#8220;{}&#8220;][et_pb_row admin_label=&#8220;Map Row&#8220; _builder_version=&#8220;4.16&#8243; custom_margin=&#8220;|||&#8220; custom_margin_last_edited=&#8220;off|desktop&#8220; custom_padding=&#8220;|||&#8220; global_colors_info=&#8220;{}&#8220;][et_pb_column type=&#8220;4_4&#8243; _builder_version=&#8220;4.16&#8243; custom_padding=&#8220;|||&#8220; global_colors_info=&#8220;{}&#8220; custom_padding__hover=&#8220;|||&#8220;][et_pb_text admin_label=&#8220;Title&#8220; _builder_version=&#8220;4.16&#8243; text_font=&#8220;Muli|600|||||||&#8220; text_font_size=&#8220;18px&#8220; text_line_height=&#8220;1.8em&#8220; header_font=&#8220;||||||||&#8220; header_2_font=&#8220;Muli|700|||||||&#8220; header_2_font_size=&#8220;50px&#8220; header_2_line_height=&#8220;1.4em&#8220; text_orientation=&#8220;center&#8220; max_width=&#8220;800px&#8220; max_width_last_edited=&#8220;off|desktop&#8220; module_alignment=&#8220;center&#8220; custom_margin=&#8220;|||&#8220; custom_padding=&#8220;|||&#8220; custom_padding_last_edited=&#8220;off|desktop&#8220; header_2_font_size_tablet=&#8220;&#8220; header_2_font_size_phone=&#8220;40px&#8220; header_2_font_size_last_edited=&#8220;on|phone&#8220; global_colors_info=&#8220;{}&#8220;]<\/p>\n<h2>Wo sind wir?<\/h2>\n<p>Charmanter Campingplatz am Meer in der N\u00e4he der Landungsstr\u00e4nde und historischen St\u00e4tten, Utah Beach, Sainte M\u00e8re Eglise, Omaha Beach, Pointe du Hoc. Sie k\u00f6nnen leicht den Mont Saint Michel besuchen, der nur 1,5 Stunden mit dem Auto entfernt ist. Naturliebhaber werden das Vogelschutzgebiet Beauguillot, die sch\u00f6nen Spazierg\u00e4nge in den S\u00fcmpfen und den Naturpark Cotentin zu sch\u00e4tzen wissen. F\u00fcr Ihren Urlaub in Manche bieten wir verschiedene Unterk\u00fcnfte und Mobilheime mit bis zu 7 Schlafpl\u00e4tzen<a href=\"https:\/\/www.campinglabaiedesveys.com\/de\/die-unterkuenfte\/die-3-zimmer\/\">(3 Schlafzimmer mit Meerblick<\/a>).<\/p>\n<p>F\u00fcr das Vergn\u00fcgen von Gro\u00df und Klein gibt es einen <a href=\"https:\/\/www.campinglabaiedesveys.com\/de\/der-wasserbereich\/\">beheizten Swimmingpool<\/a>. In unserer Snackbar freuen wir uns, Sie zu geselligen Stunden begr\u00fc\u00dfen zu d\u00fcrfen.<\/p>\n<p>[\/et_pb_text][\/et_pb_column][\/et_pb_row][et_pb_row _builder_version=&#8220;4.18.0&#8243; _module_preset=&#8220;default&#8220; global_colors_info=&#8220;{}&#8220;][et_pb_column type=&#8220;4_4&#8243; _builder_version=&#8220;4.18.0&#8243; _module_preset=&#8220;default&#8220; global_colors_info=&#8220;{}&#8220;][et_pb_code _builder_version=&#8220;4.18.0&#8243; _module_preset=&#8220;default&#8220; global_colors_info=&#8220;{}&#8220;]<iframe src=\"https:\/\/www.google.com\/maps\/embed?pb=!1m14!1m8!1m3!1d10393.160303850305!2d-1.177467!3d49.365584!3m2!1i1024!2i768!4f13.1!3m3!1m2!1s0x0%3A0x629580d809facf84!2sCamping%20La%20Baie%20Des%20Veys!5e0!3m2!1sfr!2sfr!4v1665744690322!5m2!1sfr!2sfr\" width=\"1000\" height=\"450\" style=\"border:0;\" allowfullscreen=\"\" loading=\"lazy\" referrerpolicy=\"no-referrer-when-downgrade\"><\/iframe>[\/et_pb_code][\/et_pb_column][\/et_pb_row][\/et_pb_section]<\/p>\n","protected":false},"excerpt":{"rendered":"<p>Kontaktieren Sie uns Sie m\u00f6chten Ihre Reise organisieren, haben eine Frage? Wir stehen Ihnen zur Verf\u00fcgung!Hinterlassen Sie uns eine Nachricht<div class=\"forminator-ui forminator-custom-form forminator-custom-form-163 forminator-design--bold  forminator_ajax\" data-forminator-render=\"1\" data-form=\"forminator-module-163\" data-uid=\"69d291772b0ae\"><br\/><\/div><form\n\t\t\t\tid=\"forminator-module-163\"\n\t\t\t\tclass=\"forminator-ui forminator-custom-form forminator-custom-form-163 forminator-design--bold  forminator_ajax\"\n\t\t\t\tmethod=\"post\"\n\t\t\t\tdata-forminator-render=\"1\"\n\t\t\t\tdata-form-id=\"163\"\n\t\t\t\t data-color-option=\"default\" data-design=\"bold\" data-grid=\"open\" style=\"display: none;\"\n\t\t\t\tdata-uid=\"69d291772b0ae\"\n\t\t\t><div role=\"alert\" aria-live=\"polite\" class=\"forminator-response-message forminator-error\" aria-hidden=\"true\"><\/div><div class=\"forminator-row\"><div id=\"name-1\" class=\"forminator-field-name forminator-col forminator-col-12 \"><div class=\"forminator-field\"><label for=\"forminator-field-name-1_69d291772b0ae\" id=\"forminator-field-name-1_69d291772b0ae-label\" class=\"forminator-label\">Nom Pr\u00e9nom <span class=\"forminator-required\">*<\/span><\/label><input type=\"text\" name=\"name-1\" value=\"\" placeholder=\"Par exemple\u00a0: \u00ab\u00a0Durand Jean\u00a0\u00bb\" id=\"forminator-field-name-1_69d291772b0ae\" class=\"forminator-input forminator-name--field\" aria-required=\"true\" autocomplete=\"name\" \/><\/div><\/div><\/div><div class=\"forminator-row\"><div id=\"email-1\" class=\"forminator-field-email forminator-col forminator-col-12 \"><div class=\"forminator-field\"><label for=\"forminator-field-email-1_69d291772b0ae\" id=\"forminator-field-email-1_69d291772b0ae-label\" class=\"forminator-label\">Adresse de messagerie <span class=\"forminator-required\">*<\/span><\/label><input type=\"email\" name=\"email-1\" value=\"\" placeholder=\"Par exemple\u00a0: jacques@martin.com\" id=\"forminator-field-email-1_69d291772b0ae\" class=\"forminator-input forminator-email--field\" data-required=\"true\" aria-required=\"true\" autocomplete=\"email\" \/><\/div><\/div><\/div><div class=\"forminator-row\"><div id=\"phone-1\" class=\"forminator-field-phone forminator-col forminator-col-12 \"><div class=\"forminator-field\"><label for=\"forminator-field-phone-1_69d291772b0ae\" id=\"forminator-field-phone-1_69d291772b0ae-label\" class=\"forminator-label\">Num\u00e9ro de t\u00e9l\u00e9phone<\/label><input type=\"text\" name=\"phone-1\" value=\"\" placeholder=\"Par exemple\u00a0: +1 3004005000\" id=\"forminator-field-phone-1_69d291772b0ae\" class=\"forminator-input forminator-field--phone\" data-required=\"\" aria-required=\"false\" autocomplete=\"off\" \/><\/div><\/div><\/div><div class=\"forminator-row\"><div id=\"textarea-1\" class=\"forminator-field-textarea forminator-col forminator-col-12  form-mulish\"><div class=\"forminator-field\"><label for=\"forminator-field-textarea-1_69d291772b0ae\" id=\"forminator-field-textarea-1_69d291772b0ae-label\" class=\"forminator-label\">Message<\/label><textarea name=\"textarea-1\" placeholder=\"Saisissez votre message\u2026\" id=\"forminator-field-textarea-1_69d291772b0ae\" class=\"forminator-textarea\" rows=\"6\" style=\"min-height:140px;\" maxlength=\"500\" ><\/textarea><span id=\"forminator-field-textarea-1_69d291772b0ae-description\" class=\"forminator-description\"><span data-limit=\"500\" data-type=\"characters\" data-editor=\"\">0 \/ 500<\/span><\/span><\/div><\/div><\/div><div class=\"forminator-row\"><div id=\"consent-1\" class=\"forminator-field-consent forminator-col forminator-col-12  form-mulish\"><div class=\"forminator-field\"><label for=\"forminator-field-consent-1_69d291772b0ae\" id=\"forminator-field-consent-1_69d291772b0ae-label\" class=\"forminator-label\">Donn\u00e9es personnelles <span class=\"forminator-required\">*<\/span><\/label><div class=\"forminator-checkbox__wrapper\"><label id=\"forminator-field-consent-1_69d291772b0ae__label\" class=\"forminator-checkbox forminator-consent\"><input type=\"checkbox\" name=\"consent-1\" id=\"forminator-field-consent-1_69d291772b0ae\" value=\"checked\" aria-labelledby=\"forminator-field-consent-1_69d291772b0ae-label\" aria-describedby=\"forminator-field-consent-1_69d291772b0ae__description\" data-required=\"true\" aria-required=\"true\" \/><span class=\"forminator-checkbox-box\" aria-hidden=\"true\"><\/span><\/label><div id=\"forminator-field-consent-1_69d291772b0ae__description\" class=\"forminator-checkbox__label forminator-consent__label\"><p>J'accepte l'utilisation de ces donn\u00e9es personnelles pour \u00eatre recontact\u00e9<\/p><\/div><\/div><\/div><\/div><\/div><div class=\"forminator-row\" style=\"margin: 0;\"><div id=\"captcha-1\" class=\"forminator-field-captcha  forminator-col-12 \"><div class=\"forminator-captcha-right forminator-hcaptcha\" data-theme=\"light\"  data-sitekey=\"e272b13e-1ff6-4296-9e2c-084eea025caa\" data-size=\"invisible\"><\/div> <div class=\"forminator-checkbox__label\"><p>Ce site est prot\u00e9g\u00e9 par hCaptcha et sa politique de confidentialit\u00e9 et ses conditions d'utilisation s'appliquent.<\/p><\/div><\/div><\/div><input type=\"hidden\" name=\"referer_url\" value=\"\" \/><div class=\"forminator-row forminator-row-last\"><div class=\"forminator-col\"><div class=\"forminator-field\"><button class=\"forminator-button forminator-button-submit\">Envoyer le message<\/button><\/div><\/div><\/div><input type=\"hidden\" id=\"forminator_nonce\" name=\"forminator_nonce\" value=\"12729f259e\" \/><input type=\"hidden\" name=\"_wp_http_referer\" value=\"\/de\/wp-json\/wp\/v2\/pages\/3516\" \/><input type=\"hidden\" name=\"form_id\" value=\"163\"><input type=\"hidden\" name=\"page_id\" value=\"3516\"><input type=\"hidden\" name=\"form_type\" value=\"default\"><input type=\"hidden\" name=\"current_url\" value=\"https:\/\/www.campinglabaiedesveys.com\/de\/kontaktieren-sie-uns\/\"><input type=\"hidden\" name=\"render_id\" value=\"1\"><input type=\"hidden\" name=\"action\" value=\"forminator_submit_form_custom-forms\"><label for=\"input_6\" class=\"forminator-hidden\" aria-hidden=\"true\">Bitte f\u00fclle dieses Feld nicht aus. <input id=\"input_6\" type=\"text\" name=\"input_6\" value=\"\" autocomplete=\"off\"><\/label><label for=\"input_6\" class=\"forminator-hidden\" aria-hidden=\"true\">Bitte f\u00fclle dieses Feld nicht aus. <input id=\"input_6\" type=\"text\" name=\"input_6\" value=\"\" autocomplete=\"off\"><\/label><\/form>Wo sind wir? Charmanter Campingplatz am Meer in der N\u00e4he der Landungsstr\u00e4nde und historischen St\u00e4tten, Utah Beach, Sainte M\u00e8re Eglise, Omaha Beach, Pointe du Hoc. Sie k\u00f6nnen leicht den Mont Saint Michel besuchen, der nur [&hellip;]<\/p>\n","protected":false},"author":3,"featured_media":0,"parent":0,"menu_order":0,"comment_status":"closed","ping_status":"closed","template":"","meta":{"_seopress_robots_primary_cat":"","_seopress_titles_title":"Bereiten Sie Ihren Aufenthalt in der Normandie vor, wir sind Liebhaber der Region","_seopress_titles_desc":"Fragen Sie uns nach Informationen, um einen tollen Urlaub in La Manche zu verbringen.  ","_seopress_robots_index":"","_et_pb_use_builder":"on","_et_pb_old_content":"","_et_gb_content_width":"","footnotes":""},"class_list":["post-3516","page","type-page","status-publish","hentry"],"_links":{"self":[{"href":"https:\/\/www.campinglabaiedesveys.com\/de\/wp-json\/wp\/v2\/pages\/3516","targetHints":{"allow":["GET"]}}],"collection":[{"href":"https:\/\/www.campinglabaiedesveys.com\/de\/wp-json\/wp\/v2\/pages"}],"about":[{"href":"https:\/\/www.campinglabaiedesveys.com\/de\/wp-json\/wp\/v2\/types\/page"}],"author":[{"embeddable":true,"href":"https:\/\/www.campinglabaiedesveys.com\/de\/wp-json\/wp\/v2\/users\/3"}],"replies":[{"embeddable":true,"href":"https:\/\/www.campinglabaiedesveys.com\/de\/wp-json\/wp\/v2\/comments?post=3516"}],"version-history":[{"count":16,"href":"https:\/\/www.campinglabaiedesveys.com\/de\/wp-json\/wp\/v2\/pages\/3516\/revisions"}],"predecessor-version":[{"id":7045,"href":"https:\/\/www.campinglabaiedesveys.com\/de\/wp-json\/wp\/v2\/pages\/3516\/revisions\/7045"}],"wp:attachment":[{"href":"https:\/\/www.campinglabaiedesveys.com\/de\/wp-json\/wp\/v2\/media?parent=3516"}],"curies":[{"name":"wp","href":"https:\/\/api.w.org\/{rel}","templated":true}]}}