{"id":3524,"date":"2022-01-14T09:04:25","date_gmt":"2022-01-14T08:04:25","guid":{"rendered":"https:\/\/www.campinglabaiedesveys.com\/nachrichten\/"},"modified":"2026-04-16T12:48:58","modified_gmt":"2026-04-16T10:48:58","slug":"nachrichten","status":"publish","type":"page","link":"https:\/\/www.campinglabaiedesveys.com\/de\/nachrichten\/","title":{"rendered":"Nachrichten"},"content":{"rendered":"<p>[et_pb_section fb_built=&#8220;1&#8243; admin_label=&#8220;Header Section&#8220; _builder_version=&#8220;4.19.4&#8243; background_image=&#8220;https:\/\/www.campinglabaiedesveys.com\/wp-content\/uploads\/2022\/10\/canoe-baie-des-veys-normandie.jpg&#8220; custom_padding=&#8220;|0px||0px|false|false&#8220; global_colors_info=&#8220;{}&#8220;][et_pb_row admin_label=&#8220;Title Row&#8220; _builder_version=&#8220;4.19.1&#8243; background_color=&#8220;rgba(0,0,0,0.24)&#8220; animation_style=&#8220;fade&#8220; animation_starting_opacity=&#8220;26%&#8220; global_colors_info=&#8220;{}&#8220;][et_pb_column type=&#8220;4_4&#8243; _builder_version=&#8220;4.16&#8243; custom_padding=&#8220;|||&#8220; global_colors_info=&#8220;{}&#8220; custom_padding__hover=&#8220;|||&#8220;][et_pb_text admin_label=&#8220;Title &#038; Paragraph&#8220; _builder_version=&#8220;4.16&#8243; text_font=&#8220;Muli|600|||||||&#8220; text_text_color=&#8220;rgba(255,255,255,0.55)&#8220; text_font_size=&#8220;18px&#8220; text_line_height=&#8220;1.8em&#8220; header_font=&#8220;Muli|700|||||||&#8220; header_font_size=&#8220;65px&#8220; header_line_height=&#8220;1.4em&#8220; header_2_font=&#8220;||||||||&#8220; text_orientation=&#8220;center&#8220; background_layout=&#8220;dark&#8220; max_width=&#8220;640px&#8220; max_width_last_edited=&#8220;off|desktop&#8220; module_alignment=&#8220;center&#8220; custom_margin=&#8220;|||&#8220; custom_margin_tablet=&#8220;0px|||0px&#8220; custom_margin_last_edited=&#8220;off|desktop&#8220; custom_padding=&#8220;|||&#8220; custom_padding_last_edited=&#8220;off|desktop&#8220; animation_style=&#8220;fade&#8220; header_font_size_tablet=&#8220;&#8220; header_font_size_phone=&#8220;50px&#8220; header_font_size_last_edited=&#8220;on|phone&#8220; global_colors_info=&#8220;{}&#8220;][\/et_pb_text][et_pb_text admin_label=&#8220;Title &#038; Paragraph&#8220; _builder_version=&#8220;4.16&#8243; text_font=&#8220;Muli|600|||||||&#8220; text_text_color=&#8220;rgba(255,255,255,0.55)&#8220; text_font_size=&#8220;18px&#8220; text_line_height=&#8220;1.8em&#8220; header_font=&#8220;Muli|700|||||||&#8220; header_font_size=&#8220;65px&#8220; header_line_height=&#8220;1.4em&#8220; header_2_font=&#8220;||||||||&#8220; text_orientation=&#8220;center&#8220; background_layout=&#8220;dark&#8220; max_width=&#8220;640px&#8220; max_width_last_edited=&#8220;off|desktop&#8220; module_alignment=&#8220;center&#8220; custom_margin=&#8220;|||&#8220; custom_margin_tablet=&#8220;0px|||0px&#8220; custom_margin_last_edited=&#8220;off|desktop&#8220; custom_padding=&#8220;|||&#8220; custom_padding_last_edited=&#8220;off|desktop&#8220; animation_style=&#8220;fade&#8220; header_font_size_tablet=&#8220;&#8220; header_font_size_phone=&#8220;50px&#8220; header_font_size_last_edited=&#8220;on|phone&#8220; global_colors_info=&#8220;{}&#8220;]<\/p>\n<h1><\/h1>\n<h1>Der Blog des Campingplatzes<\/h1>\n<p>In dieser Blog-Rubrik finden Sie alle Neuigkeiten \u00fcber unseren Campingplatz la baie des Veys und die Umgebung! Bereiten Sie Ihren Aufenthalt bestm\u00f6glich in unseren Mietunterk\u00fcnften oder Stellpl\u00e4tzen direkt vor der Bucht vor!<\/p>\n<p>[\/et_pb_text][\/et_pb_column][\/et_pb_row][\/et_pb_section][et_pb_section fb_built=&#8220;1&#8243; admin_label=&#8220;Blog Section&#8220; _builder_version=&#8220;4.19.4&#8243; background_position=&#8220;top_center&#8220; custom_padding=&#8220;100px|0px|100px|0px&#8220; bottom_divider_style=&#8220;wave2&#8243; bottom_divider_color=&#8220;#6FBEBD&#8220; global_colors_info=&#8220;{}&#8220;][et_pb_row admin_label=&#8220;Title Row&#8220; _builder_version=&#8220;4.16&#8243; global_colors_info=&#8220;{}&#8220;][et_pb_column type=&#8220;4_4&#8243; _builder_version=&#8220;4.16&#8243; custom_padding=&#8220;|||&#8220; global_colors_info=&#8220;{}&#8220; custom_padding__hover=&#8220;|||&#8220;][et_pb_text admin_label=&#8220;Title &#038; Paragraph&#8220; _builder_version=&#8220;4.19.2&#8243; text_font=&#8220;Muli|600|||||||&#8220; text_font_size=&#8220;18px&#8220; text_line_height=&#8220;1.8em&#8220; header_font=&#8220;||||||||&#8220; header_2_font=&#8220;Muli|700|||||||&#8220; header_2_font_size=&#8220;50px&#8220; header_2_line_height=&#8220;1.4em&#8220; text_orientation=&#8220;center&#8220; max_width=&#8220;640px&#8220; max_width_last_edited=&#8220;off|desktop&#8220; module_alignment=&#8220;center&#8220; custom_margin=&#8220;|||&#8220; custom_margin_tablet=&#8220;0px|||0px&#8220; custom_margin_last_edited=&#8220;off|desktop&#8220; custom_padding=&#8220;|||&#8220; custom_padding_last_edited=&#8220;off|desktop&#8220; header_2_font_size_tablet=&#8220;&#8220; header_2_font_size_phone=&#8220;40px&#8220; header_2_font_size_last_edited=&#8220;on|desktop&#8220; global_colors_info=&#8220;{}&#8220;]<\/p>\n<h2>Was gibt es Neues?<\/h2>\n<p>Von Musikfestivals, \u00fcber das nationale Naturschutzgebiet Domaine de Beauguillot bis hin zu den Landungsstr\u00e4nden, wir teilen Ihnen alle Aktivit\u00e4ten f\u00fcr Ihren Aufenthalt mit.<\/p>\n<p>[\/et_pb_text][\/et_pb_column][\/et_pb_row][et_pb_row admin_label=&#8220;Blog Posts Row&#8220; _builder_version=&#8220;4.27.6&#8243; hover_enabled=&#8220;0&#8243; global_colors_info=&#8220;{}&#8220; sticky_enabled=&#8220;0&#8243;][et_pb_column type=&#8220;4_4&#8243; _builder_version=&#8220;4.27.6&#8243; custom_padding=&#8220;|||&#8220; hover_enabled=&#8220;0&#8243; global_colors_info=&#8220;{}&#8220; custom_padding__hover=&#8220;|||&#8220; sticky_enabled=&#8220;0&#8243;][et_pb_blog fullwidth=&#8220;off&#8220; posts_number=&#8220;20&#8243; include_categories=&#8220;all&#8220; meta_date=&#8220;j M Y&#8220; excerpt_length=&#8220;80&#8243; show_more=&#8220;on&#8220; show_author=&#8220;off&#8220; show_pagination=&#8220;off&#8220; use_overlay=&#8220;on&#8220; _builder_version=&#8220;4.27.6&#8243; header_level=&#8220;h4&#8243; header_font=&#8220;Muli|600|||||||&#8220; header_font_size=&#8220;18px&#8220; header_line_height=&#8220;1.4em&#8220; body_font=&#8220;Muli||||||||&#8220; body_font_size=&#8220;16px&#8220; body_line_height=&#8220;1.8em&#8220; meta_font=&#8220;Muli|600|||||||&#8220; meta_text_color=&#8220;rgba(0,0,0,0.3)&#8220; meta_font_size=&#8220;14px&#8220; read_more_font=&#8220;|600|||||||&#8220; read_more_text_color=&#8220;#6FBEBD&#8220; custom_margin=&#8220;|||&#8220; custom_padding=&#8220;|||&#8220; hover_enabled=&#8220;0&#8243; border_width_all=&#8220;0px&#8220; border_radii_image=&#8220;on|25px|25px|25px|25px&#8220; box_shadow_style_image=&#8220;preset1&#8243; global_colors_info=&#8220;{}&#8220; sticky_enabled=&#8220;0&#8243;][\/et_pb_blog][\/et_pb_column][\/et_pb_row][et_pb_row column_structure=&#8220;1_3,1_3,1_3&#8243; admin_label=&#8220;Process Row&#8220; _builder_version=&#8220;4.20.4&#8243; background_color=&#8220;#ffffff&#8220; background_pattern_horizontal_offset=&#8220;-34%&#8220; background_enable_mask_style=&#8220;on&#8220; background_mask_style=&#8220;ellipse&#8220; background_mask_color=&#8220;RGBA(255,255,255,0)&#8220; background_mask_size=&#8220;cover&#8220; animation_style=&#8220;bounce&#8220; global_module=&#8220;635&#8243; saved_tabs=&#8220;all&#8220; global_colors_info=&#8220;{}&#8220;][et_pb_column type=&#8220;1_3&#8243; _builder_version=&#8220;4.19.4&#8243; custom_padding=&#8220;|||&#8220; global_colors_info=&#8220;{}&#8220; custom_padding__hover=&#8220;|||&#8220;][et_pb_blurb title=&#8220;Suche nach&#8220; url=&#8220;https:\/\/www.campinglabaiedesveys.com\/de\/die-unterkuenfte\/&#8220; image=&#8220;https:\/\/www.campinglabaiedesveys.com\/wp-content\/uploads\/2022\/10\/1.gif&#8220; alt=&#8220;1&#8243; image_icon_width=&#8220;38px&#8220; admin_label=&#8220;Process&#8220; _builder_version=&#8220;4.19.2&#8243; header_font=&#8220;Muli|700|||||||&#8220; header_text_align=&#8220;center&#8220; header_font_size=&#8220;20px&#8220; header_line_height=&#8220;1.4em&#8220; body_font=&#8220;Muli|600|||||||&#8220; body_text_align=&#8220;center&#8220; body_font_size=&#8220;16px&#8220; body_line_height=&#8220;1.8em&#8220; link_option_url=&#8220;https:\/\/www.campinglabaiedesveys.com\/de\/die-unterkuenfte\/&#8220; border_width_all_image=&#8220;4px&#8220; border_color_all_image=&#8220;#6fbebd&#8220; image_max_width=&#8220;38px&#8220; global_colors_info=&#8220;{}&#8220;]<\/p>\n<p>Mobilheim, ungew\u00f6hnliche Unterkunft, Cottage: W\u00e4hlen Sie den idealen Ort f\u00fcr Ihren Aufenthalt aus<\/p>\n<p>[\/et_pb_blurb][\/et_pb_column][et_pb_column type=&#8220;1_3&#8243; _builder_version=&#8220;4.16&#8243; custom_padding=&#8220;|||&#8220; global_colors_info=&#8220;{}&#8220; custom_padding__hover=&#8220;|||&#8220;][et_pb_blurb title=&#8220;Bereiten Sie&#8220; url=&#8220;https:\/\/www.campinglabaiedesveys.com\/visites-et-histoire\/&#8220; image=&#8220;https:\/\/www.campinglabaiedesveys.com\/wp-content\/uploads\/2022\/10\/2.gif&#8220; alt=&#8220;2&#8243; image_icon_width=&#8220;38px&#8220; admin_label=&#8220;Process&#8220; _builder_version=&#8220;4.19.2&#8243; header_font=&#8220;Muli|700|||||||&#8220; header_text_align=&#8220;center&#8220; header_font_size=&#8220;20px&#8220; header_line_height=&#8220;1.4em&#8220; body_font=&#8220;Muli|600|||||||&#8220; body_text_align=&#8220;center&#8220; body_font_size=&#8220;16px&#8220; body_line_height=&#8220;1.8em&#8220; link_option_url=&#8220;https:\/\/www.campinglabaiedesveys.com\/visites-et-histoire\/&#8220; border_width_all_image=&#8220;4px&#8220; border_color_all_image=&#8220;#6fbebd&#8220; image_max_width=&#8220;38px&#8220; global_colors_info=&#8220;{}&#8220;]<\/p>\n<p>Naturschutzgebiet, Landungsstr\u00e4nde, Museum&#8230; bereiten Sie Ihren Urlaub vor<\/p>\n<p>[\/et_pb_blurb][\/et_pb_column][et_pb_column type=&#8220;1_3&#8243; _builder_version=&#8220;4.16&#8243; custom_padding=&#8220;|||&#8220; global_colors_info=&#8220;{}&#8220; custom_padding__hover=&#8220;|||&#8220;][et_pb_blurb title=&#8220;Buchen Sie&#8220; url=&#8220;https:\/\/www.campinglabaiedesveys.com\/de\/buchen-sie\/&#8220; image=&#8220;https:\/\/www.campinglabaiedesveys.com\/wp-content\/uploads\/2022\/10\/3.gif&#8220; alt=&#8220;3&#8243; image_icon_width=&#8220;38px&#8220; admin_label=&#8220;Process&#8220; _builder_version=&#8220;4.19.2&#8243; header_font=&#8220;Muli|700|||||||&#8220; header_text_align=&#8220;center&#8220; header_font_size=&#8220;20px&#8220; header_line_height=&#8220;1.4em&#8220; body_font=&#8220;Muli|600|||||||&#8220; body_text_align=&#8220;center&#8220; body_font_size=&#8220;16px&#8220; body_line_height=&#8220;1.8em&#8220; link_option_url=&#8220;https:\/\/www.campinglabaiedesveys.com\/de\/buchen-sie\/&#8220; border_width_all_image=&#8220;4px&#8220; border_color_all_image=&#8220;#6fbebd&#8220; image_max_width=&#8220;38px&#8220; global_colors_info=&#8220;{}&#8220;]<\/p>\n<p>Mit nur wenigen Klicks w\u00e4hlen Sie Ihren Aufenthalt aus und m\u00fcssen nur noch genie\u00dfen!<\/p>\n<p>[\/et_pb_blurb][\/et_pb_column][\/et_pb_row][\/et_pb_section]<\/p>\n","protected":false},"excerpt":{"rendered":"<p>Services: beheizter Swimmingpool, Fernseher in den Mietunterk\u00fcnften, Gerichte zum Mitnehmen, Brot- und Geb\u00e4ckverkauf, Lebensmittelgesch\u00e4ft (Notdienst), Eis.<\/p>\n","protected":false},"author":3,"featured_media":3226,"parent":0,"menu_order":0,"comment_status":"closed","ping_status":"closed","template":"","meta":{"_seopress_robots_primary_cat":"","_seopress_titles_title":"verfolgen Sie alle Neuigkeiten \u00fcber unseren 3-Sterne-Campingplatz im Departement Manche","_seopress_titles_desc":"Neuigkeiten vom Campingplatz Baie des Veys im Herzen des Naturparks Cotentin-S\u00fcmpfe und in unmittelbarer N\u00e4he der Landungsstr\u00e4nde des D-Day, in einer gesch\u00fctzten Umgebung, wo Ruhe und Erholung garantiert sind.","_seopress_robots_index":"","_seopress_analysis_target_kw":"","_et_pb_use_builder":"on","_et_pb_old_content":"","_et_gb_content_width":"","footnotes":""},"class_list":["post-3524","page","type-page","status-publish","has-post-thumbnail","hentry"],"_links":{"self":[{"href":"https:\/\/www.campinglabaiedesveys.com\/de\/wp-json\/wp\/v2\/pages\/3524","targetHints":{"allow":["GET"]}}],"collection":[{"href":"https:\/\/www.campinglabaiedesveys.com\/de\/wp-json\/wp\/v2\/pages"}],"about":[{"href":"https:\/\/www.campinglabaiedesveys.com\/de\/wp-json\/wp\/v2\/types\/page"}],"author":[{"embeddable":true,"href":"https:\/\/www.campinglabaiedesveys.com\/de\/wp-json\/wp\/v2\/users\/3"}],"replies":[{"embeddable":true,"href":"https:\/\/www.campinglabaiedesveys.com\/de\/wp-json\/wp\/v2\/comments?post=3524"}],"version-history":[{"count":14,"href":"https:\/\/www.campinglabaiedesveys.com\/de\/wp-json\/wp\/v2\/pages\/3524\/revisions"}],"predecessor-version":[{"id":9027,"href":"https:\/\/www.campinglabaiedesveys.com\/de\/wp-json\/wp\/v2\/pages\/3524\/revisions\/9027"}],"wp:featuredmedia":[{"embeddable":true,"href":"https:\/\/www.campinglabaiedesveys.com\/de\/wp-json\/wp\/v2\/media\/3226"}],"wp:attachment":[{"href":"https:\/\/www.campinglabaiedesveys.com\/de\/wp-json\/wp\/v2\/media?parent=3524"}],"curies":[{"name":"wp","href":"https:\/\/api.w.org\/{rel}","templated":true}]}}