{"id":3549,"date":"2022-11-21T21:31:06","date_gmt":"2022-11-21T20:31:06","guid":{"rendered":"https:\/\/www.campinglabaiedesveys.com\/die-unterkuenfte\/cottage-mit-meerblick\/"},"modified":"2026-04-27T09:51:22","modified_gmt":"2026-04-27T07:51:22","slug":"cottage-mit-meerblick","status":"publish","type":"page","link":"https:\/\/www.campinglabaiedesveys.com\/de\/die-unterkuenfte\/cottage-mit-meerblick\/","title":{"rendered":"Ferienhaus mit Meerblick in der Normandie"},"content":{"rendered":"<p>[et_pb_section fb_built=&#8220;1&#8243; admin_label=&#8220;Header Section&#8220; _builder_version=&#8220;4.20.2&#8243; background_color=&#8220;#e9f0f6&#8243; background_position=&#8220;top_center&#8220; background_enable_pattern_style=&#8220;on&#8220; background_pattern_style=&#8220;waves&#8220; background_pattern_color=&#8220;rgba(111,190,189,0.36)&#8220; background_pattern_transform=&#8220;flip_vertical|flip_horizontal|rotate_90_degree&#8220; background_pattern_size=&#8220;stretch&#8220; custom_padding=&#8220;0%|0px|100px|0px||&#8220; da_disable_devices=&#8220;off|off|off&#8220; global_colors_info=&#8220;{}&#8220; da_is_popup=&#8220;off&#8220; da_exit_intent=&#8220;off&#8220; da_has_close=&#8220;on&#8220; da_alt_close=&#8220;off&#8220; da_dark_close=&#8220;off&#8220; da_not_modal=&#8220;on&#8220; da_is_singular=&#8220;off&#8220; da_with_loader=&#8220;off&#8220; da_has_shadow=&#8220;on&#8220;][et_pb_row custom_padding_last_edited=&#8220;off|desktop&#8220; admin_label=&#8220;Header Row&#8220; _builder_version=&#8220;4.16&#8243; background_size=&#8220;initial&#8220; background_position=&#8220;top_left&#8220; background_repeat=&#8220;repeat&#8220; custom_margin=&#8220;|||&#8220; custom_padding=&#8220;|||&#8220; custom_padding_phone=&#8220;3vw|||&#8220; global_colors_info=&#8220;{}&#8220;][et_pb_column type=&#8220;4_4&#8243; _builder_version=&#8220;4.16&#8243; custom_padding=&#8220;|||&#8220; global_colors_info=&#8220;{}&#8220; custom_padding__hover=&#8220;|||&#8220;][et_pb_text admin_label=&#8220;Heading &#038; Subheading&#8220; _builder_version=&#8220;4.16&#8243; text_font=&#8220;Muli|600|||||||&#8220; text_font_size=&#8220;18px&#8220; text_line_height=&#8220;1.8em&#8220; header_font=&#8220;Muli|700|||||||&#8220; header_font_size=&#8220;65px&#8220; header_line_height=&#8220;1.4em&#8220; header_2_font=&#8220;||||||||&#8220; text_orientation=&#8220;center&#8220; max_width=&#8220;800px&#8220; max_width_last_edited=&#8220;off|desktop&#8220; module_alignment=&#8220;center&#8220; custom_margin=&#8220;|||&#8220; custom_padding=&#8220;|||&#8220; custom_padding_last_edited=&#8220;off|desktop&#8220; animation_style=&#8220;fade&#8220; header_font_size_tablet=&#8220;&#8220; header_font_size_phone=&#8220;50px&#8220; header_font_size_last_edited=&#8220;on|desktop&#8220; global_colors_info=&#8220;{}&#8220;]<\/p>\n<h1>Die Cottages mit Meerblick<\/h1>\n<p>Was ist sch\u00f6ner, als aus dem Fenster auf das Meer zu schauen? Auf dem Campingplatz der Baie des Veys dachten wir, dass dieser einzigartige Moment Ihnen gefallen k\u00f6nnte! Neben der Aussicht bietet Ihnen der Campingplatz La Baie des Veys auch einen direkten Zugang zur Bucht.<\/p>\n<p>[\/et_pb_text][\/et_pb_column][\/et_pb_row][et_pb_row column_structure=&#8220;1_2,1_2&#8243; use_custom_gutter=&#8220;on&#8220; gutter_width=&#8220;1&#8243; make_equal=&#8220;on&#8220; admin_label=&#8220;Case Study Row&#8220; _builder_version=&#8220;4.16&#8243; min_height=&#8220;526.7px&#8220; global_colors_info=&#8220;{}&#8220;][et_pb_column type=&#8220;1_2&#8243; _builder_version=&#8220;4.16&#8243; background_color=&#8220;#ffffff&#8220; custom_padding=&#8220;|||&#8220; global_colors_info=&#8220;{}&#8220; custom_padding__hover=&#8220;|||&#8220;][et_pb_gallery gallery_ids=&#8220;3456,3457,3458,3459,3460,3461,3462,3463,3464,3465,3466,3467,3468,3469,3470&#8243; gallery_orderby=&#8220;rand&#8220; fullwidth=&#8220;on&#8220; _builder_version=&#8220;4.19.4&#8243; _module_preset=&#8220;default&#8220; auto=&#8220;on&#8220; auto_speed=&#8220;5000&#8243; global_colors_info=&#8220;{}&#8220;][\/et_pb_gallery][\/et_pb_column][et_pb_column type=&#8220;1_2&#8243; _builder_version=&#8220;4.16&#8243; background_color=&#8220;#ffffff&#8220; custom_padding=&#8220;60px|60px|60px|60px&#8220; global_colors_info=&#8220;{}&#8220; custom_padding__hover=&#8220;|||&#8220;][et_pb_cta title=&#8220;Cottage confort 1 Zimmer 2 Personen %22Meerblick%22.&#8220; button_url=&#8220;https:\/\/www.campinglabaiedesveys.com\/de\/buchen-sie\/&#8220; button_text=&#8220;Ich buche&#8220; admin_label=&#8220;Title Paragraph &amp; CTA Button&#8220; _builder_version=&#8220;4.20.4&#8243; header_level=&#8220;h3&#8243; header_font=&#8220;Muli|700|||||||&#8220; header_font_size=&#8220;26px&#8220; header_line_height=&#8220;1.4em&#8220; body_font=&#8220;||||||||&#8220; body_font_size=&#8220;16px&#8220; body_line_height=&#8220;1.8em&#8220; use_background_color=&#8220;off&#8220; custom_button=&#8220;on&#8220; button_text_size=&#8220;16px&#8220; button_text_color=&#8220;#ffffff&#8220; button_bg_color=&#8220;#3e327d&#8220; button_border_width=&#8220;10px&#8220; button_border_color=&#8220;#3e327d&#8220; button_border_radius=&#8220;0px&#8220; button_font=&#8220;|700|||||||&#8220; button_use_icon=&#8220;off&#8220; text_orientation=&#8220;left&#8220; background_layout=&#8220;light&#8220; custom_padding=&#8220;|||&#8220; button_border_radius_hover=&#8220;0px&#8220; global_colors_info=&#8220;{}&#8220; button_text_size__hover_enabled=&#8220;off&#8220; button_one_text_size__hover_enabled=&#8220;off&#8220; button_two_text_size__hover_enabled=&#8220;off&#8220; button_text_color__hover_enabled=&#8220;off&#8220; button_one_text_color__hover_enabled=&#8220;off&#8220; button_two_text_color__hover_enabled=&#8220;off&#8220; button_border_width__hover_enabled=&#8220;off&#8220; button_one_border_width__hover_enabled=&#8220;off&#8220; button_two_border_width__hover_enabled=&#8220;off&#8220; button_border_color__hover_enabled=&#8220;off&#8220; button_one_border_color__hover_enabled=&#8220;off&#8220; button_two_border_color__hover_enabled=&#8220;off&#8220; button_border_radius__hover_enabled=&#8220;on&#8220; button_border_radius__hover=&#8220;0px&#8220; button_one_border_radius__hover_enabled=&#8220;off&#8220; button_two_border_radius__hover_enabled=&#8220;off&#8220; button_letter_spacing__hover_enabled=&#8220;off&#8220; button_one_letter_spacing__hover_enabled=&#8220;off&#8220; button_two_letter_spacing__hover_enabled=&#8220;off&#8220; button_bg_color__hover_enabled=&#8220;off&#8220; button_one_bg_color__hover_enabled=&#8220;off&#8220; button_two_bg_color__hover_enabled=&#8220;off&#8220;]<\/p>\n<p><span style=\"font-size: small;\">Mobilheim mit Meerblick &#8211; Ideal f\u00fcr einen Urlaub zu zweit am Meer.<\/span><br \/><span style=\"font-size: small;\">Zimmer Doppelbett 140 x 190. Team mit eigenem Duschraum und WC. <\/span><br \/><span style=\"font-size: small;\">20 m\u00b2 mit Volumen, Stauraum und Licht. Ein Wohnzimmer, ein Cocooning-Bereich, in dem Sie sich entspannen oder fernsehen k\u00f6nnen. Offene, vom Wohnzimmer getrennte K\u00fcche, perfekt ausgestattet, K\u00fchlschrank und Gaskochfeld mit 2 Kochstellen. <\/span><br \/><span style=\"font-size: small;\">Gro\u00dfe Terrasse mit Meerblick. Ideal f\u00fcr einen Urlaub zu zweit in der Region Cotentin.<\/span><\/p>\n<p>[\/et_pb_cta][\/et_pb_column][\/et_pb_row][et_pb_row column_structure=&#8220;1_2,1_2&#8243; use_custom_gutter=&#8220;on&#8220; gutter_width=&#8220;1&#8243; make_equal=&#8220;on&#8220; admin_label=&#8220;Case Study Row&#8220; _builder_version=&#8220;4.19.4&#8243; min_height=&#8220;533.6px&#8220; custom_padding=&#8220;||0px|||&#8220; global_colors_info=&#8220;{}&#8220;][et_pb_column type=&#8220;1_2&#8243; _builder_version=&#8220;4.16&#8243; background_color=&#8220;#ffffff&#8220; custom_padding=&#8220;60px|60px|60px|60px&#8220; global_colors_info=&#8220;{}&#8220; custom_padding__hover=&#8220;|||&#8220;][et_pb_cta title=&#8220;Cottage Horizon 4 Personen&#8220; button_url=&#8220;https:\/\/www.campinglabaiedesveys.com\/de\/buchen-sie\/&#8220; button_text=&#8220;Ich buche&#8220; admin_label=&#8220;Title Paragraph &amp; CTA Button&#8220; _builder_version=&#8220;4.20.4&#8243; header_level=&#8220;h3&#8243; header_font=&#8220;Muli|700|||||||&#8220; header_font_size=&#8220;26px&#8220; header_line_height=&#8220;1.4em&#8220; body_font=&#8220;||||||||&#8220; body_font_size=&#8220;16px&#8220; body_line_height=&#8220;1.8em&#8220; use_background_color=&#8220;off&#8220; custom_button=&#8220;on&#8220; button_text_size=&#8220;16px&#8220; button_text_color=&#8220;#ffffff&#8220; button_bg_color=&#8220;#3e327d&#8220; button_border_width=&#8220;10px&#8220; button_border_color=&#8220;#3e327d&#8220; button_border_radius=&#8220;0px&#8220; button_font=&#8220;|700|||||||&#8220; button_use_icon=&#8220;off&#8220; text_orientation=&#8220;left&#8220; background_layout=&#8220;light&#8220; min_height=&#8220;371.6px&#8220; custom_padding=&#8220;0px||0px|||&#8220; button_border_radius_hover=&#8220;0px&#8220; global_colors_info=&#8220;{}&#8220; button_text_size__hover_enabled=&#8220;off&#8220; button_one_text_size__hover_enabled=&#8220;off&#8220; button_two_text_size__hover_enabled=&#8220;off&#8220; button_text_color__hover_enabled=&#8220;off&#8220; button_one_text_color__hover_enabled=&#8220;off&#8220; button_two_text_color__hover_enabled=&#8220;off&#8220; button_border_width__hover_enabled=&#8220;off&#8220; button_one_border_width__hover_enabled=&#8220;off&#8220; button_two_border_width__hover_enabled=&#8220;off&#8220; button_border_color__hover_enabled=&#8220;off&#8220; button_one_border_color__hover_enabled=&#8220;off&#8220; button_two_border_color__hover_enabled=&#8220;off&#8220; button_border_radius__hover_enabled=&#8220;on&#8220; button_border_radius__hover=&#8220;0px&#8220; button_one_border_radius__hover_enabled=&#8220;off&#8220; button_two_border_radius__hover_enabled=&#8220;off&#8220; button_letter_spacing__hover_enabled=&#8220;off&#8220; button_one_letter_spacing__hover_enabled=&#8220;off&#8220; button_two_letter_spacing__hover_enabled=&#8220;off&#8220; button_bg_color__hover_enabled=&#8220;off&#8220; button_one_bg_color__hover_enabled=&#8220;off&#8220; button_two_bg_color__hover_enabled=&#8220;off&#8220;]<\/p>\n<p style=\"text-align: left;\"><span style=\"font-size: small;\">Eine sehr gro\u00dfe Terrasse von 18 m\u00b2 und eine separate K\u00fcche.<\/span><br \/> <span style=\"font-size: small;\">Unterkunft mit 2 Schlafzimmern (1 mit einem Doppelbett (140 x 190) und 1 mit 2 Einzelbetten (80 x 190).<\/span><br \/> <span style=\"font-size: small;\">Badezimmer mit Dusche und WC (separat), sowie eine voll ausgestattete K\u00fcche und ein Fernseher mit TNT.<\/span><br \/> <span style=\"font-size: small;\">Heizung in allen R\u00e4umen.<\/span><\/p>\n<p>[\/et_pb_cta][\/et_pb_column][et_pb_column type=&#8220;1_2&#8243; _builder_version=&#8220;4.19.4&#8243; _module_preset=&#8220;default&#8220; global_colors_info=&#8220;{}&#8220;][et_pb_gallery gallery_ids=&#8220;3473,3474,3475,3476,3477&#8243; gallery_orderby=&#8220;rand&#8220; fullwidth=&#8220;on&#8220; _builder_version=&#8220;4.19.4&#8243; _module_preset=&#8220;default&#8220; auto=&#8220;on&#8220; auto_speed=&#8220;5000&#8243; global_colors_info=&#8220;{}&#8220;][\/et_pb_gallery][\/et_pb_column][\/et_pb_row][et_pb_row column_structure=&#8220;1_2,1_2&#8243; use_custom_gutter=&#8220;on&#8220; gutter_width=&#8220;1&#8243; make_equal=&#8220;on&#8220; admin_label=&#8220;Case Study Row&#8220; _builder_version=&#8220;4.16&#8243; global_colors_info=&#8220;{}&#8220;][et_pb_column type=&#8220;1_2&#8243; _builder_version=&#8220;4.16&#8243; background_color=&#8220;#ffffff&#8220; custom_padding=&#8220;60px|60px|60px|60px&#8220; global_colors_info=&#8220;{}&#8220; custom_padding__hover=&#8220;|||&#8220;][et_pb_cta title=&#8220;Cottage Premium 4 Personen&#8220; button_url=&#8220;https:\/\/www.campinglabaiedesveys.com\/de\/buchen-sie\/&#8220; button_text=&#8220;Ich buche&#8220; admin_label=&#8220;Title Paragraph &amp; CTA Button&#8220; _builder_version=&#8220;4.20.4&#8243; header_level=&#8220;h3&#8243; header_font=&#8220;Muli|700|||||||&#8220; header_font_size=&#8220;26px&#8220; header_line_height=&#8220;1.4em&#8220; body_font=&#8220;||||||||&#8220; body_font_size=&#8220;16px&#8220; body_line_height=&#8220;1.8em&#8220; use_background_color=&#8220;off&#8220; custom_button=&#8220;on&#8220; button_text_size=&#8220;16px&#8220; button_text_color=&#8220;#ffffff&#8220; button_bg_color=&#8220;#3e327d&#8220; button_border_width=&#8220;10px&#8220; button_border_color=&#8220;#3e327d&#8220; button_border_radius=&#8220;0px&#8220; button_font=&#8220;|700|||||||&#8220; button_use_icon=&#8220;off&#8220; text_orientation=&#8220;left&#8220; background_layout=&#8220;light&#8220; custom_padding=&#8220;|||&#8220; button_border_radius_hover=&#8220;0px&#8220; global_colors_info=&#8220;{}&#8220; button_text_size__hover_enabled=&#8220;off&#8220; button_one_text_size__hover_enabled=&#8220;off&#8220; button_two_text_size__hover_enabled=&#8220;off&#8220; button_text_color__hover_enabled=&#8220;off&#8220; button_one_text_color__hover_enabled=&#8220;off&#8220; button_two_text_color__hover_enabled=&#8220;off&#8220; button_border_width__hover_enabled=&#8220;off&#8220; button_one_border_width__hover_enabled=&#8220;off&#8220; button_two_border_width__hover_enabled=&#8220;off&#8220; button_border_color__hover_enabled=&#8220;off&#8220; button_one_border_color__hover_enabled=&#8220;off&#8220; button_two_border_color__hover_enabled=&#8220;off&#8220; button_border_radius__hover_enabled=&#8220;on&#8220; button_border_radius__hover=&#8220;0px&#8220; button_one_border_radius__hover_enabled=&#8220;off&#8220; button_two_border_radius__hover_enabled=&#8220;off&#8220; button_letter_spacing__hover_enabled=&#8220;off&#8220; button_one_letter_spacing__hover_enabled=&#8220;off&#8220; button_two_letter_spacing__hover_enabled=&#8220;off&#8220; button_bg_color__hover_enabled=&#8220;off&#8220; button_one_bg_color__hover_enabled=&#8220;off&#8220; button_two_bg_color__hover_enabled=&#8220;off&#8220;]<\/p>\n<p><span style=\"font-size: small;\"><b>Wohnzimmer: ger\u00e4umiges Wohnzimmer mit Ecksofa, Esstisch, St\u00fchlen und Fernseher.<br \/> K\u00fcche: funktional und komplett ausgestattet. Mikrowelle, Geschirr, 4-Flammen-Gasherd, K\u00fchlschrank.<br \/> 2 Schlafzimmer:<br \/> -1 Hauptschlafzimmer mit einem 140&#215;190 Bett und Stauraum.<br \/> -1 \u201eKinderzimmer\u201c mit 2 Betten (80 x 190 cm).<br \/> Zwei Terrassen, von denen eine teilweise \u00fcberdacht ist.<br \/> Heizung im Wohnzimmer. <br \/><\/b><b>Die besten Ausstattungsmerkmale: Geschirrsp\u00fcler, 2 Badezimmer, eines pro Schlafzimmer.<br \/> Unterkunft f\u00fcr 4 Personen, ein Outdoor-Urlaub auf optimalem Raum.<\/b><\/span><\/p>\n<p>[\/et_pb_cta][\/et_pb_column][et_pb_column type=&#8220;1_2&#8243; _builder_version=&#8220;4.16&#8243; custom_padding=&#8220;|||&#8220; global_colors_info=&#8220;{}&#8220; custom_padding__hover=&#8220;|||&#8220;][et_pb_gallery gallery_ids=&#8220;3478,3479,3480,3481,3482,3483&#8243; gallery_orderby=&#8220;rand&#8220; fullwidth=&#8220;on&#8220; _builder_version=&#8220;4.19.4&#8243; _module_preset=&#8220;default&#8220; auto=&#8220;on&#8220; auto_speed=&#8220;5000&#8243; global_colors_info=&#8220;{}&#8220;][\/et_pb_gallery][\/et_pb_column][\/et_pb_row][et_pb_row column_structure=&#8220;1_2,1_2&#8243; use_custom_gutter=&#8220;on&#8220; gutter_width=&#8220;1&#8243; make_equal=&#8220;on&#8220; admin_label=&#8220;Case Study Row&#8220; _builder_version=&#8220;4.16&#8243; min_height=&#8220;526.7px&#8220; global_colors_info=&#8220;{}&#8220;][et_pb_column type=&#8220;1_2&#8243; _builder_version=&#8220;4.16&#8243; background_color=&#8220;#ffffff&#8220; custom_padding=&#8220;|||&#8220; global_colors_info=&#8220;{}&#8220; custom_padding__hover=&#8220;|||&#8220;][et_pb_gallery gallery_ids=&#8220;6199,3484,3491,3485,3487,3488,3489,3490&#8243; gallery_orderby=&#8220;rand&#8220; fullwidth=&#8220;on&#8220; _builder_version=&#8220;4.23.1&#8243; _module_preset=&#8220;default&#8220; animation_style=&#8220;fade&#8220; global_colors_info=&#8220;{}&#8220;][\/et_pb_gallery][\/et_pb_column][et_pb_column type=&#8220;1_2&#8243; _builder_version=&#8220;4.16&#8243; background_color=&#8220;#ffffff&#8220; custom_padding=&#8220;60px|60px|60px|60px&#8220; global_colors_info=&#8220;{}&#8220; custom_padding__hover=&#8220;|||&#8220;][et_pb_cta title=&#8220;Prestige-Ferienhaus f\u00fcr 6 Personen&#8220; button_url=&#8220;https:\/\/www.campinglabaiedesveys.com\/de\/buchen-sie\/&#8220; button_text=&#8220;Ich buche&#8220; admin_label=&#8220;Title Paragraph &amp; CTA Button&#8220; _builder_version=&#8220;4.27.6&#8243; header_level=&#8220;h3&#8243; header_font=&#8220;Muli|700|||||||&#8220; header_font_size=&#8220;26px&#8220; header_line_height=&#8220;1.4em&#8220; body_font=&#8220;||||||||&#8220; body_font_size=&#8220;16px&#8220; body_line_height=&#8220;1.8em&#8220; use_background_color=&#8220;off&#8220; custom_button=&#8220;on&#8220; button_text_size=&#8220;16px&#8220; button_text_color=&#8220;#ffffff&#8220; button_bg_color=&#8220;#3e327d&#8220; button_border_width=&#8220;10px&#8220; button_border_color=&#8220;#3e327d&#8220; button_border_radius=&#8220;0px&#8220; button_font=&#8220;|700|||||||&#8220; button_use_icon=&#8220;off&#8220; text_orientation=&#8220;left&#8220; background_layout=&#8220;light&#8220; custom_padding=&#8220;|||&#8220; button_border_radius_hover=&#8220;0px&#8220; global_colors_info=&#8220;{}&#8220; button_text_size__hover_enabled=&#8220;off&#8220; button_one_text_size__hover_enabled=&#8220;off&#8220; button_two_text_size__hover_enabled=&#8220;off&#8220; button_text_color__hover_enabled=&#8220;off&#8220; button_one_text_color__hover_enabled=&#8220;off&#8220; button_two_text_color__hover_enabled=&#8220;off&#8220; button_border_width__hover_enabled=&#8220;off&#8220; button_one_border_width__hover_enabled=&#8220;off&#8220; button_two_border_width__hover_enabled=&#8220;off&#8220; button_border_color__hover_enabled=&#8220;off&#8220; button_one_border_color__hover_enabled=&#8220;off&#8220; button_two_border_color__hover_enabled=&#8220;off&#8220; button_border_radius__hover_enabled=&#8220;on&#8220; button_border_radius__hover=&#8220;0px&#8220; button_one_border_radius__hover_enabled=&#8220;off&#8220; button_two_border_radius__hover_enabled=&#8220;off&#8220; button_letter_spacing__hover_enabled=&#8220;off&#8220; button_one_letter_spacing__hover_enabled=&#8220;off&#8220; button_two_letter_spacing__hover_enabled=&#8220;off&#8220; button_bg_color__hover_enabled=&#8220;off&#8220; button_one_bg_color__hover_enabled=&#8220;off&#8220; button_two_bg_color__hover_enabled=&#8220;off&#8220;]<\/p>\n<p><span style=\"font-size: small;\">Dieses Ferienhaus mit 3 Schlafzimmern bietet ausreichend Platz f\u00fcr alle. Es ist ger\u00e4umig und bietet problemlos Platz f\u00fcr Familien und Freunde. <\/span><br \/><span style=\"font-size: small;\">Ein Wohnzimmer mit K\u00fcche und TV. Ein Badezimmer und eine separate Toilette.<\/span><br \/><span style=\"font-size: small;\">Elternschlafzimmer Doppelbett: Bett 140 x 190.<\/span><br \/><span style=\"font-size: small;\">1 Schlafzimmer mit zwei Einzelbetten 2 Betten: 80 x 190.<\/span><br \/><span style=\"font-size: small;\">1 Schlafzimmer mit 3 Einzelbetten, eines davon ein Etagenbett: 80 x 190 cm.<\/span><br \/><span style=\"font-size: small;\">1 elektrischer Heizk\u00f6rper im Wohnzimmer.<\/span><br \/><span style=\"font-size: small;\">Die integrierte Terrasse ist eine Verl\u00e4ngerung des Wohnbereichs und erm\u00f6glicht es Ihnen, die sch\u00f6nen Sommerabende in der Normandie mit direktem Blick auf die Baie des Veys zu genie\u00dfen.<\/span><\/p>\n<p>[\/et_pb_cta][\/et_pb_column][\/et_pb_row][\/et_pb_section]<\/p>\n","protected":false},"excerpt":{"rendered":"<p>Entdecken Sie diesen 3-Sterne-Campingplatz mit 58 Stellpl\u00e4tzen und 22 Mietunterk\u00fcnften (Chalet, Mobilheim, Zelt, ungew\u00f6hnlich). Wenn Sie es besonders lieben, auf der Terrasse zu faulenzen, sind Sie mit all unseren Angeboten am richtigen Ort!<\/p>\n","protected":false},"author":3,"featured_media":3480,"parent":3539,"menu_order":0,"comment_status":"closed","ping_status":"closed","template":"","meta":{"_seopress_robots_primary_cat":"","_seopress_titles_title":"Ferienhaus mit Meerblick in der Normandie","_seopress_titles_desc":"Erwachen Sie mit Blick auf die Baie des Veys! Unsere Ferienh\u00e4user mit Meerblick bieten direkten Zugang zum Strand in der N\u00e4he von Utah Beach. Die Ruhe der Normandie erwartet Sie.  ","_seopress_robots_index":"","_et_pb_use_builder":"on","_et_pb_old_content":"","_et_gb_content_width":"","footnotes":""},"class_list":["post-3549","page","type-page","status-publish","has-post-thumbnail","hentry"],"_links":{"self":[{"href":"https:\/\/www.campinglabaiedesveys.com\/de\/wp-json\/wp\/v2\/pages\/3549","targetHints":{"allow":["GET"]}}],"collection":[{"href":"https:\/\/www.campinglabaiedesveys.com\/de\/wp-json\/wp\/v2\/pages"}],"about":[{"href":"https:\/\/www.campinglabaiedesveys.com\/de\/wp-json\/wp\/v2\/types\/page"}],"author":[{"embeddable":true,"href":"https:\/\/www.campinglabaiedesveys.com\/de\/wp-json\/wp\/v2\/users\/3"}],"replies":[{"embeddable":true,"href":"https:\/\/www.campinglabaiedesveys.com\/de\/wp-json\/wp\/v2\/comments?post=3549"}],"version-history":[{"count":42,"href":"https:\/\/www.campinglabaiedesveys.com\/de\/wp-json\/wp\/v2\/pages\/3549\/revisions"}],"predecessor-version":[{"id":9838,"href":"https:\/\/www.campinglabaiedesveys.com\/de\/wp-json\/wp\/v2\/pages\/3549\/revisions\/9838"}],"up":[{"embeddable":true,"href":"https:\/\/www.campinglabaiedesveys.com\/de\/wp-json\/wp\/v2\/pages\/3539"}],"wp:featuredmedia":[{"embeddable":true,"href":"https:\/\/www.campinglabaiedesveys.com\/de\/wp-json\/wp\/v2\/media\/3480"}],"wp:attachment":[{"href":"https:\/\/www.campinglabaiedesveys.com\/de\/wp-json\/wp\/v2\/media?parent=3549"}],"curies":[{"name":"wp","href":"https:\/\/api.w.org\/{rel}","templated":true}]}}