{"id":3562,"date":"2022-11-22T11:46:51","date_gmt":"2022-11-22T10:46:51","guid":{"rendered":"https:\/\/www.campinglabaiedesveys.com\/die-unterkuenfte\/die-3-zimmer\/"},"modified":"2026-04-10T15:39:37","modified_gmt":"2026-04-10T13:39:37","slug":"die-3-zimmer","status":"publish","type":"page","link":"https:\/\/www.campinglabaiedesveys.com\/de\/die-unterkuenfte\/die-3-zimmer\/","title":{"rendered":"Die 3 Zimmer"},"content":{"rendered":"<p>[et_pb_section fb_built=&#8220;1&#8243; admin_label=&#8220;Header Section&#8220; _builder_version=&#8220;4.20.2&#8243; background_color=&#8220;#e9f0f6&#8243; background_position=&#8220;top_center&#8220; background_enable_pattern_style=&#8220;on&#8220; background_pattern_style=&#8220;waves&#8220; background_pattern_color=&#8220;rgba(111,190,189,0.36)&#8220; background_pattern_transform=&#8220;flip_vertical|flip_horizontal|rotate_90_degree&#8220; background_pattern_size=&#8220;stretch&#8220; custom_padding=&#8220;0%|0px|100px|0px||&#8220; global_colors_info=&#8220;{}&#8220;][et_pb_row custom_padding_last_edited=&#8220;off|desktop&#8220; admin_label=&#8220;Header Row&#8220; _builder_version=&#8220;4.16&#8243; background_size=&#8220;initial&#8220; background_position=&#8220;top_left&#8220; background_repeat=&#8220;repeat&#8220; custom_margin=&#8220;|||&#8220; custom_padding=&#8220;|||&#8220; custom_padding_phone=&#8220;3vw|||&#8220; global_colors_info=&#8220;{}&#8220;][et_pb_column type=&#8220;4_4&#8243; _builder_version=&#8220;4.16&#8243; custom_padding=&#8220;|||&#8220; global_colors_info=&#8220;{}&#8220; custom_padding__hover=&#8220;|||&#8220;][et_pb_text admin_label=&#8220;Heading &#038; Subheading&#8220; _builder_version=&#8220;4.16&#8243; text_font=&#8220;Muli|600|||||||&#8220; text_font_size=&#8220;18px&#8220; text_line_height=&#8220;1.8em&#8220; header_font=&#8220;Muli|700|||||||&#8220; header_font_size=&#8220;65px&#8220; header_line_height=&#8220;1.4em&#8220; header_2_font=&#8220;||||||||&#8220; text_orientation=&#8220;center&#8220; max_width=&#8220;800px&#8220; max_width_last_edited=&#8220;off|desktop&#8220; module_alignment=&#8220;center&#8220; custom_margin=&#8220;|||&#8220; custom_padding=&#8220;|||&#8220; custom_padding_last_edited=&#8220;off|desktop&#8220; animation_style=&#8220;fade&#8220; header_font_size_tablet=&#8220;&#8220; header_font_size_phone=&#8220;50px&#8220; header_font_size_last_edited=&#8220;on|desktop&#8220; global_colors_info=&#8220;{}&#8220;]<\/p>\n<h1>Die 3 Zimmer<\/h1>\n<p>Brauchen Sie Ihren eigenen Raum? Jeder hat &#8222;seine Ecke&#8220;? Denken Sie an unsere Cottages mit drei Schlafzimmern, die Ihnen Komfort, Platz und Privatsph\u00e4re f\u00fcr Ihren Aufenthalt mit der Familie oder mit Freunden bieten k\u00f6nnen.<\/p>\n<p>[\/et_pb_text][\/et_pb_column][\/et_pb_row][et_pb_row column_structure=&#8220;1_2,1_2&#8243; use_custom_gutter=&#8220;on&#8220; gutter_width=&#8220;1&#8243; make_equal=&#8220;on&#8220; admin_label=&#8220;Case Study Row&#8220; _builder_version=&#8220;4.16&#8243; min_height=&#8220;526.7px&#8220; global_colors_info=&#8220;{}&#8220;][et_pb_column type=&#8220;1_2&#8243; _builder_version=&#8220;4.16&#8243; background_color=&#8220;#ffffff&#8220; custom_padding=&#8220;|||&#8220; global_colors_info=&#8220;{}&#8220; custom_padding__hover=&#8220;|||&#8220;][et_pb_gallery gallery_ids=&#8220;6199,3484,3491,3485,3487,3488,3489,3490&#8243; gallery_orderby=&#8220;rand&#8220; fullwidth=&#8220;on&#8220; _builder_version=&#8220;4.23.1&#8243; _module_preset=&#8220;default&#8220; animation_style=&#8220;fade&#8220; global_colors_info=&#8220;{}&#8220;][\/et_pb_gallery][\/et_pb_column][et_pb_column type=&#8220;1_2&#8243; _builder_version=&#8220;4.16&#8243; background_color=&#8220;#ffffff&#8220; custom_padding=&#8220;60px|60px|60px|60px&#8220; global_colors_info=&#8220;{}&#8220; custom_padding__hover=&#8220;|||&#8220;][et_pb_cta title=&#8220;Prestige-Ferienhaus f\u00fcr 6 Personen&#8220; button_url=&#8220;https:\/\/www.campinglabaiedesveys.com\/de\/buchen-sie\/&#8220; button_text=&#8220;Ich buche&#8220; admin_label=&#8220;Title Paragraph &amp; CTA Button&#8220; _builder_version=&#8220;4.20.4&#8243; header_level=&#8220;h3&#8243; header_font=&#8220;Muli|700|||||||&#8220; header_font_size=&#8220;26px&#8220; header_line_height=&#8220;1.4em&#8220; body_font=&#8220;||||||||&#8220; body_font_size=&#8220;16px&#8220; body_line_height=&#8220;1.8em&#8220; use_background_color=&#8220;off&#8220; custom_button=&#8220;on&#8220; button_text_size=&#8220;16px&#8220; button_text_color=&#8220;#ffffff&#8220; button_bg_color=&#8220;#3e327d&#8220; button_border_width=&#8220;10px&#8220; button_border_color=&#8220;#3e327d&#8220; button_border_radius=&#8220;0px&#8220; button_font=&#8220;|700|||||||&#8220; button_use_icon=&#8220;off&#8220; text_orientation=&#8220;left&#8220; background_layout=&#8220;light&#8220; custom_padding=&#8220;|||&#8220; button_border_radius_hover=&#8220;0px&#8220; global_colors_info=&#8220;{}&#8220; button_text_size__hover_enabled=&#8220;off&#8220; button_one_text_size__hover_enabled=&#8220;off&#8220; button_two_text_size__hover_enabled=&#8220;off&#8220; button_text_color__hover_enabled=&#8220;off&#8220; button_one_text_color__hover_enabled=&#8220;off&#8220; button_two_text_color__hover_enabled=&#8220;off&#8220; button_border_width__hover_enabled=&#8220;off&#8220; button_one_border_width__hover_enabled=&#8220;off&#8220; button_two_border_width__hover_enabled=&#8220;off&#8220; button_border_color__hover_enabled=&#8220;off&#8220; button_one_border_color__hover_enabled=&#8220;off&#8220; button_two_border_color__hover_enabled=&#8220;off&#8220; button_border_radius__hover_enabled=&#8220;on&#8220; button_border_radius__hover=&#8220;0px&#8220; button_one_border_radius__hover_enabled=&#8220;off&#8220; button_two_border_radius__hover_enabled=&#8220;off&#8220; button_letter_spacing__hover_enabled=&#8220;off&#8220; button_one_letter_spacing__hover_enabled=&#8220;off&#8220; button_two_letter_spacing__hover_enabled=&#8220;off&#8220; button_bg_color__hover_enabled=&#8220;off&#8220; button_one_bg_color__hover_enabled=&#8220;off&#8220; button_two_bg_color__hover_enabled=&#8220;off&#8220;]<\/p>\n<p><span style=\"font-size: small;\">In diesem Cottage mit 3 Schlafzimmern haben Sie genug Platz f\u00fcr alle. Es ist ger\u00e4umig und bietet Platz f\u00fcr Familien und Freunde,<\/span><br \/><span style=\"font-size: small;\">Ein Wohnzimmer mit K\u00fcche und TV. Ein Badezimmer und eine separate Toilette.<\/span><br \/><span style=\"font-size: small;\">Elternschlafzimmer Doppelbett: Bett 140 x 190.<\/span><br \/><span style=\"font-size: small;\">1 Schlafzimmer mit zwei Einzelbetten 2 Betten: 80 x 190.<\/span><br \/><span style=\"font-size: small;\">1 Schlafzimmer mit 3 Einzelbetten, davon ein Etagenbett: Bett 80 x 190.<\/span><br \/><span style=\"font-size: small;\">1 Elektrische Heizung im Wohnzimmer<\/span><br \/><span style=\"font-size: small;\">Die integrierte Terrasse ist eine Verl\u00e4ngerung des Wohnbereichs und erm\u00f6glicht es Ihnen, die sch\u00f6nen Sommerabende in der Normandie zu genie\u00dfen. Sie werden begeistert sein von seinem direkten Blick auf die Baie des Veys, einem unglaublichen Meerblick.<\/span><\/p>\n<p>[\/et_pb_cta][\/et_pb_column][\/et_pb_row][et_pb_row column_structure=&#8220;1_2,1_2&#8243; use_custom_gutter=&#8220;on&#8220; gutter_width=&#8220;1&#8243; make_equal=&#8220;on&#8220; admin_label=&#8220;Case Study Row&#8220; _builder_version=&#8220;4.16&#8243; global_colors_info=&#8220;{}&#8220;][et_pb_column type=&#8220;1_2&#8243; _builder_version=&#8220;4.16&#8243; background_color=&#8220;#ffffff&#8220; custom_padding=&#8220;60px|60px|60px|60px&#8220; global_colors_info=&#8220;{}&#8220; custom_padding__hover=&#8220;|||&#8220;][et_pb_cta title=&#8220;Cottage confort 3 Zimmer 6 Personen&#8220; button_url=&#8220;https:\/\/www.campinglabaiedesveys.com\/de\/buchen-sie\/&#8220; button_text=&#8220;Ich buche&#8220; admin_label=&#8220;Title Paragraph &amp; CTA Button&#8220; _builder_version=&#8220;4.20.2&#8243; header_level=&#8220;h3&#8243; header_font=&#8220;Muli|700|||||||&#8220; header_font_size=&#8220;26px&#8220; header_line_height=&#8220;1.4em&#8220; body_font=&#8220;||||||||&#8220; body_font_size=&#8220;16px&#8220; body_line_height=&#8220;1.8em&#8220; use_background_color=&#8220;off&#8220; custom_button=&#8220;on&#8220; button_text_size=&#8220;16px&#8220; button_text_color=&#8220;#ffffff&#8220; button_bg_color=&#8220;#3e327d&#8220; button_border_width=&#8220;10px&#8220; button_border_color=&#8220;#3e327d&#8220; button_border_radius=&#8220;0px&#8220; button_font=&#8220;|700|||||||&#8220; button_use_icon=&#8220;off&#8220; text_orientation=&#8220;left&#8220; background_layout=&#8220;light&#8220; custom_padding=&#8220;|||&#8220; button_border_radius_hover=&#8220;0px&#8220; global_colors_info=&#8220;{}&#8220; button_text_size__hover_enabled=&#8220;off&#8220; button_one_text_size__hover_enabled=&#8220;off&#8220; button_two_text_size__hover_enabled=&#8220;off&#8220; button_text_color__hover_enabled=&#8220;off&#8220; button_one_text_color__hover_enabled=&#8220;off&#8220; button_two_text_color__hover_enabled=&#8220;off&#8220; button_border_width__hover_enabled=&#8220;off&#8220; button_one_border_width__hover_enabled=&#8220;off&#8220; button_two_border_width__hover_enabled=&#8220;off&#8220; button_border_color__hover_enabled=&#8220;off&#8220; button_one_border_color__hover_enabled=&#8220;off&#8220; button_two_border_color__hover_enabled=&#8220;off&#8220; button_border_radius__hover_enabled=&#8220;on&#8220; button_border_radius__hover=&#8220;0px&#8220; button_one_border_radius__hover_enabled=&#8220;off&#8220; button_two_border_radius__hover_enabled=&#8220;off&#8220; button_letter_spacing__hover_enabled=&#8220;off&#8220; button_one_letter_spacing__hover_enabled=&#8220;off&#8220; button_two_letter_spacing__hover_enabled=&#8220;off&#8220; button_bg_color__hover_enabled=&#8220;off&#8220; button_one_bg_color__hover_enabled=&#8220;off&#8220; button_two_bg_color__hover_enabled=&#8220;off&#8220;]<\/p>\n<p><span style=\"font-size: small;\">Wohnzimmerseite:<\/span><br \/><span style=\"font-size: small;\">Sehr gro\u00dfer Innenraum f\u00fcr diese Unterkunft.<\/span><br \/><span style=\"font-size: small;\">Vom Wohnzimmer getrenntes, sch\u00f6n eingerichtetes Wohnzimmer: Ausziehbarer Tisch f\u00fcr bis zu 6 Personen mit seinen 2 zus\u00e4tzlichen Klappst\u00fchlen.<\/span><br \/><span style=\"font-size: small;\">K\u00fcche, die vom Wohnzimmer getrennt ist und direkt von der Terrasse aus zug\u00e4nglich ist. Vollst\u00e4ndige Ausstattung:Mikrowelle, Geschirr, K\u00fchl- und Gefrierschrank Klasse A+, wei\u00dfe Gasplatte mit 4 Kochstellen.<\/span><br \/><span style=\"font-size: small;\">Taschenleerer aus wei\u00df lackiertem Metall am Eingang des Mobilheims, Fernseher.<\/span><br \/><span style=\"font-size: small;\">Nachtseite: 3 Schlafzimmer<\/span><br \/><span style=\"font-size: small;\">1. Schlafzimmer: Elternschlafzimmer in XXL-Gr\u00f6\u00dfe (2,30 m) mit einem Erwachsenenbett (160 x 200 cm), M\u00f6glichkeit eines Babybetts.<\/span><br \/><span style=\"font-size: small;\">2. Schlafzimmer: Komplette Ausstattung f\u00fcr Kinder oder G\u00e4ste: Kleiderschrank. Zwei Einzelbetten.<\/span><br \/><span style=\"font-size: small;\">3. Schlafzimmer: Schlafzimmer auf der R\u00fcckseite mit Ausziehbetten, die Platz f\u00fcr Spiele oder Stauraum bieten. Sehr gro\u00dfe Au\u00dfenterrasse.<\/span><\/p>\n<p>[\/et_pb_cta][\/et_pb_column][et_pb_column type=&#8220;1_2&#8243; _builder_version=&#8220;4.16&#8243; custom_padding=&#8220;|||&#8220; global_colors_info=&#8220;{}&#8220; custom_padding__hover=&#8220;|||&#8220;][et_pb_gallery gallery_ids=&#8220;6173,3450,3452,3453,3454,3455&#8243; gallery_orderby=&#8220;rand&#8220; fullwidth=&#8220;on&#8220; _builder_version=&#8220;4.23.1&#8243; _module_preset=&#8220;default&#8220; auto=&#8220;on&#8220; auto_speed=&#8220;5000&#8243; global_colors_info=&#8220;{}&#8220;][\/et_pb_gallery][\/et_pb_column][\/et_pb_row][et_pb_row column_structure=&#8220;1_2,1_2&#8243; use_custom_gutter=&#8220;on&#8220; gutter_width=&#8220;1&#8243; make_equal=&#8220;on&#8220; admin_label=&#8220;Case Study Row&#8220; _builder_version=&#8220;4.16&#8243; global_colors_info=&#8220;{}&#8220;][et_pb_column type=&#8220;1_2&#8243; _builder_version=&#8220;4.16&#8243; custom_padding=&#8220;|||&#8220; global_colors_info=&#8220;{}&#8220; custom_padding__hover=&#8220;|||&#8220;][et_pb_gallery gallery_ids=&#8220;6165,6159,1083,1084,1085,3426,3427,3428&#8243; gallery_orderby=&#8220;rand&#8220; fullwidth=&#8220;on&#8220; _builder_version=&#8220;4.23.1&#8243; _module_preset=&#8220;default&#8220; auto=&#8220;on&#8220; auto_speed=&#8220;5000&#8243; global_colors_info=&#8220;{}&#8220;][\/et_pb_gallery][\/et_pb_column][et_pb_column type=&#8220;1_2&#8243; _builder_version=&#8220;4.16&#8243; background_color=&#8220;#ffffff&#8220; custom_padding=&#8220;60px|60px|60px|60px&#8220; global_colors_info=&#8220;{}&#8220; custom_padding__hover=&#8220;|||&#8220;][et_pb_cta title=&#8220;Cordelia 3 Zimmer 6 Personen 37,5m\u00b2.&#8220; button_url=&#8220;https:\/\/www.campinglabaiedesveys.com\/de\/buchen-sie\/&#8220; button_text=&#8220;Ich buche&#8220; admin_label=&#8220;Title Paragraph &amp; CTA Button&#8220; _builder_version=&#8220;4.20.2&#8243; header_level=&#8220;h3&#8243; header_font=&#8220;|700|||||||&#8220; header_font_size=&#8220;26px&#8220; header_line_height=&#8220;1.4em&#8220; body_font=&#8220;||||||||&#8220; body_font_size=&#8220;16px&#8220; body_line_height=&#8220;1.8em&#8220; use_background_color=&#8220;off&#8220; custom_button=&#8220;on&#8220; button_text_size=&#8220;16px&#8220; button_text_color=&#8220;#ffffff&#8220; button_bg_color=&#8220;#3e327d&#8220; button_border_width=&#8220;10px&#8220; button_border_color=&#8220;#3e327d&#8220; button_border_radius=&#8220;0px&#8220; button_font=&#8220;|700|||||||&#8220; button_use_icon=&#8220;off&#8220; text_orientation=&#8220;left&#8220; background_layout=&#8220;light&#8220; custom_padding=&#8220;|||&#8220; button_border_radius_hover=&#8220;0px&#8220; global_colors_info=&#8220;{}&#8220; button_text_size__hover_enabled=&#8220;off&#8220; button_one_text_size__hover_enabled=&#8220;off&#8220; button_two_text_size__hover_enabled=&#8220;off&#8220; button_text_color__hover_enabled=&#8220;off&#8220; button_one_text_color__hover_enabled=&#8220;off&#8220; button_two_text_color__hover_enabled=&#8220;off&#8220; button_border_width__hover_enabled=&#8220;off&#8220; button_one_border_width__hover_enabled=&#8220;off&#8220; button_two_border_width__hover_enabled=&#8220;off&#8220; button_border_color__hover_enabled=&#8220;off&#8220; button_one_border_color__hover_enabled=&#8220;off&#8220; button_two_border_color__hover_enabled=&#8220;off&#8220; button_border_radius__hover_enabled=&#8220;on&#8220; button_border_radius__hover=&#8220;0px&#8220; button_one_border_radius__hover_enabled=&#8220;off&#8220; button_two_border_radius__hover_enabled=&#8220;off&#8220; button_letter_spacing__hover_enabled=&#8220;off&#8220; button_one_letter_spacing__hover_enabled=&#8220;off&#8220; button_two_letter_spacing__hover_enabled=&#8220;off&#8220; button_bg_color__hover_enabled=&#8220;off&#8220; button_one_bg_color__hover_enabled=&#8220;off&#8220; button_two_bg_color__hover_enabled=&#8220;off&#8220;]<\/p>\n<p><span style=\"font-family: inherit; font-size: small;\">Ger\u00e4umiges Wohnzimmer<br \/> 1 Schlafzimmer mit Doppelbett (140&#215;190)<\/span><br \/><span style=\"font-size: small; font-family: inherit;\">2 Zimmer mit 2 Betten 1 Person 80&#215;190<\/span><br \/><span style=\"font-size: small; font-family: inherit;\">Ausgestattete K\u00fcche<\/span><br \/><span style=\"font-size: small; font-family: inherit;\">K\u00fchlschrank<\/span><br \/><span style=\"font-size: small; font-family: inherit;\">Mikrowelle<\/span><br \/><span style=\"font-size: small; font-family: inherit;\">Badezimmer mit Dusche und Waschbecken<\/span><br \/><span style=\"font-size: small; font-family: inherit;\">WC<\/span><br \/><span style=\"font-size: small; font-family: inherit;\">TV<\/span><br \/><span style=\"font-size: small; font-family: inherit;\">Gartenm\u00f6bel<\/span><br \/><span style=\"font-size: small; font-family: inherit;\">Terrasse<\/span><\/p>\n<p>[\/et_pb_cta][\/et_pb_column][\/et_pb_row][\/et_pb_section][et_pb_section fb_built=&#8220;1&#8243; admin_label=&#8220;Design Process Section&#8220; _builder_version=&#8220;4.16&#8243; custom_padding=&#8220;100px|0px|250px|0px&#8220; global_colors_info=&#8220;{}&#8220;][et_pb_row admin_label=&#8220;Design Process Row&#8220; _builder_version=&#8220;4.19.4&#8243; animation_style=&#8220;slide&#8220; global_colors_info=&#8220;{}&#8220;][et_pb_column type=&#8220;4_4&#8243; _builder_version=&#8220;4.16&#8243; custom_padding=&#8220;|||&#8220; global_colors_info=&#8220;{}&#8220; custom_padding__hover=&#8220;|||&#8220;][et_pb_text admin_label=&#8220;Title &#038; Paragraph&#8220; _builder_version=&#8220;4.16&#8243; text_font=&#8220;Muli|600|||||||&#8220; text_font_size=&#8220;18px&#8220; text_line_height=&#8220;1.8em&#8220; header_font=&#8220;||||||||&#8220; header_text_align=&#8220;center&#8220; header_2_font=&#8220;Muli|700|||||||&#8220; header_2_text_align=&#8220;center&#8220; header_2_font_size=&#8220;50px&#8220; header_2_line_height=&#8220;1.4em&#8220; text_orientation=&#8220;center&#8220; max_width=&#8220;800px&#8220; max_width_last_edited=&#8220;off|desktop&#8220; module_alignment=&#8220;center&#8220; custom_margin=&#8220;|||&#8220; custom_padding=&#8220;|||&#8220; custom_padding_last_edited=&#8220;off|desktop&#8220; header_2_font_size_tablet=&#8220;&#8220; header_2_font_size_phone=&#8220;40px&#8220; header_2_font_size_last_edited=&#8220;on|phone&#8220; global_colors_info=&#8220;{}&#8220;]<\/p>\n<h2>Erleben Sie einen einzigartigen Moment in der <span style=\"color: #b1c933;\">Normandie<\/span><\/h2>\n<p>Wir begr\u00fc\u00dfen Sie auf unserem Naturcampingplatz, der von April bis Oktober ge\u00f6ffnet ist, f\u00fcr einen Urlaub direkt am Meer! Wir pflegen unsere Gr\u00fcnfl\u00e4chen t\u00e4glich, um jeden Ihrer Stellpl\u00e4tze individuell und pers\u00f6nlich zu gestalten. W\u00e4hrend Ihres Aufenthalts haben Sie direkten Zugang zur Baie des Veys.<br \/> Drau\u00dfen haben Sie die M\u00f6glichkeit, <span style=\"color: #6ebebd;\"><a href=\"https:\/\/www.campinglabaiedesveys.com\/visites-et-histoire\/\" style=\"color: #6ebebd;\">historische St\u00e4tten<\/a><\/span> zu besuchen, zahlreiche <a href=\"https:\/\/www.campinglabaiedesveys.com\/de\/die-ausgaenge\/aktivitaeten-in-der-natur\/\"><span style=\"color: #6ebebd;\">Wanderungen<\/span><\/a> zu unternehmen, V\u00f6gel zu beobachten oder Sport zu treiben. Auf <a href=\"https:\/\/www.campinglabaiedesveys.com\/de\/der-campingplatz\/\"><br \/>\n  <span style=\"color: #6ebebd;\">Campingplatz<\/span><br \/>\n<\/a>Auf dem Campingplatz stehen Ihnen unsere Dienstleistungen zur Verf\u00fcgung, z. B. Restaurants, Spielpl\u00e4tze, ein modernes und sauberes Schwimmbad, das wir renoviert haben und das wir f\u00fcr Ihren Komfort instand halten.<\/p>\n<p>[\/et_pb_text][\/et_pb_column][\/et_pb_row][et_pb_row column_structure=&#8220;1_3,1_3,1_3&#8243; admin_label=&#8220;Process Row&#8220; _builder_version=&#8220;4.16&#8243; global_colors_info=&#8220;{}&#8220;][et_pb_column type=&#8220;1_3&#8243; _builder_version=&#8220;4.16&#8243; custom_padding=&#8220;|||&#8220; global_colors_info=&#8220;{}&#8220; custom_padding__hover=&#8220;|||&#8220;][et_pb_blurb title=&#8220;Suche nach&#8220; image=&#8220;https:\/\/www.campinglabaiedesveys.com\/wp-content\/uploads\/2022\/10\/1.gif&#8220; alt=&#8220;1&#8243; image_icon_width=&#8220;38px&#8220; admin_label=&#8220;Process&#8220; _builder_version=&#8220;4.18.0&#8243; header_font=&#8220;Muli|700|||||||&#8220; header_text_align=&#8220;center&#8220; header_font_size=&#8220;20px&#8220; header_line_height=&#8220;1.4em&#8220; body_font=&#8220;Muli|600|||||||&#8220; body_text_align=&#8220;center&#8220; body_font_size=&#8220;16px&#8220; body_line_height=&#8220;1.8em&#8220; border_width_all_image=&#8220;4px&#8220; border_color_all_image=&#8220;#6fbebd&#8220; image_max_width=&#8220;38px&#8220; global_colors_info=&#8220;{}&#8220;]<\/p>\n<p>Mobilheim, ungew\u00f6hnliche Unterkunft, Tiny House: W\u00e4hlen Sie den idealen Ort f\u00fcr Ihren Aufenthalt aus<\/p>\n<p>[\/et_pb_blurb][\/et_pb_column][et_pb_column type=&#8220;1_3&#8243; _builder_version=&#8220;4.16&#8243; custom_padding=&#8220;|||&#8220; global_colors_info=&#8220;{}&#8220; custom_padding__hover=&#8220;|||&#8220;][et_pb_blurb title=&#8220;Bereiten Sie&#8220; image=&#8220;https:\/\/www.campinglabaiedesveys.com\/wp-content\/uploads\/2022\/10\/2.gif&#8220; alt=&#8220;2&#8243; image_icon_width=&#8220;38px&#8220; admin_label=&#8220;Process&#8220; _builder_version=&#8220;4.18.0&#8243; header_font=&#8220;Muli|700|||||||&#8220; header_text_align=&#8220;center&#8220; header_font_size=&#8220;20px&#8220; header_line_height=&#8220;1.4em&#8220; body_font=&#8220;Muli|600|||||||&#8220; body_text_align=&#8220;center&#8220; body_font_size=&#8220;16px&#8220; body_line_height=&#8220;1.8em&#8220; border_width_all_image=&#8220;4px&#8220; border_color_all_image=&#8220;#6fbebd&#8220; image_max_width=&#8220;38px&#8220; global_colors_info=&#8220;{}&#8220;]<\/p>\n<p>Naturreservat, Landungsstr\u00e4nde, Museum&#8230; bereiten Sie Ihren Urlaub vor<\/p>\n<p>[\/et_pb_blurb][\/et_pb_column][et_pb_column type=&#8220;1_3&#8243; _builder_version=&#8220;4.16&#8243; custom_padding=&#8220;|||&#8220; global_colors_info=&#8220;{}&#8220; custom_padding__hover=&#8220;|||&#8220;][et_pb_blurb title=&#8220;Buchen Sie&#8220; image=&#8220;https:\/\/www.campinglabaiedesveys.com\/wp-content\/uploads\/2022\/10\/3.gif&#8220; alt=&#8220;3&#8243; image_icon_width=&#8220;38px&#8220; admin_label=&#8220;Process&#8220; _builder_version=&#8220;4.18.0&#8243; header_font=&#8220;Muli|700|||||||&#8220; header_text_align=&#8220;center&#8220; header_font_size=&#8220;20px&#8220; header_line_height=&#8220;1.4em&#8220; body_font=&#8220;Muli|600|||||||&#8220; body_text_align=&#8220;center&#8220; body_font_size=&#8220;16px&#8220; body_line_height=&#8220;1.8em&#8220; border_width_all_image=&#8220;4px&#8220; border_color_all_image=&#8220;#6fbebd&#8220; image_max_width=&#8220;38px&#8220; global_colors_info=&#8220;{}&#8220;]<\/p>\n<p>Mit nur wenigen Klicks w\u00e4hlen Sie Ihren Aufenthalt aus und m\u00fcssen nur noch genie\u00dfen!<\/p>\n<p>[\/et_pb_blurb][\/et_pb_column][\/et_pb_row][\/et_pb_section]<\/p>\n","protected":false},"excerpt":{"rendered":"<p>Planen Sie, mit Ihrer Familie zu kommen? Unsere Cottages und Mobilheime mit 3 Schlafzimmern sind f\u00fcr Sie da! Sie eignen sich perfekt f\u00fcr Gruppenaufenthalte und erm\u00f6glichen es jedem, seinen Urlaub nach seinem eigenen Rhythmus zu gestalten und dabei Stauraum zu haben. Pusten Sie, Sie sind in der Baie des Veys<\/p>\n","protected":false},"author":3,"featured_media":3453,"parent":3539,"menu_order":0,"comment_status":"closed","ping_status":"closed","template":"","meta":{"_seopress_robots_primary_cat":"","_seopress_titles_title":"Cottage mit 3 Schlafzimmern f\u00fcr einen angenehmen Aufenthalt f\u00fcr die ganze Familie","_seopress_titles_desc":"3 Zimmer sind ideal f\u00fcr einen Urlaub mit einer Gruppe von Freunden oder einer Familie. Entscheiden Sie sich f\u00fcr den Komfort der Weite in der Baie des Veys","_seopress_robots_index":"","_et_pb_use_builder":"on","_et_pb_old_content":"","_et_gb_content_width":"","footnotes":""},"class_list":["post-3562","page","type-page","status-publish","has-post-thumbnail","hentry"],"_links":{"self":[{"href":"https:\/\/www.campinglabaiedesveys.com\/de\/wp-json\/wp\/v2\/pages\/3562","targetHints":{"allow":["GET"]}}],"collection":[{"href":"https:\/\/www.campinglabaiedesveys.com\/de\/wp-json\/wp\/v2\/pages"}],"about":[{"href":"https:\/\/www.campinglabaiedesveys.com\/de\/wp-json\/wp\/v2\/types\/page"}],"author":[{"embeddable":true,"href":"https:\/\/www.campinglabaiedesveys.com\/de\/wp-json\/wp\/v2\/users\/3"}],"replies":[{"embeddable":true,"href":"https:\/\/www.campinglabaiedesveys.com\/de\/wp-json\/wp\/v2\/comments?post=3562"}],"version-history":[{"count":29,"href":"https:\/\/www.campinglabaiedesveys.com\/de\/wp-json\/wp\/v2\/pages\/3562\/revisions"}],"predecessor-version":[{"id":8652,"href":"https:\/\/www.campinglabaiedesveys.com\/de\/wp-json\/wp\/v2\/pages\/3562\/revisions\/8652"}],"up":[{"embeddable":true,"href":"https:\/\/www.campinglabaiedesveys.com\/de\/wp-json\/wp\/v2\/pages\/3539"}],"wp:featuredmedia":[{"embeddable":true,"href":"https:\/\/www.campinglabaiedesveys.com\/de\/wp-json\/wp\/v2\/media\/3453"}],"wp:attachment":[{"href":"https:\/\/www.campinglabaiedesveys.com\/de\/wp-json\/wp\/v2\/media?parent=3562"}],"curies":[{"name":"wp","href":"https:\/\/api.w.org\/{rel}","templated":true}]}}