{"id":2504,"date":"2020-11-23T14:57:05","date_gmt":"2020-11-23T13:57:05","guid":{"rendered":"https:\/\/www.campinglabaiedesveys.com\/contacto-con-nosotros\/"},"modified":"2026-04-16T14:54:09","modified_gmt":"2026-04-16T12:54:09","slug":"contacto-con-nosotros","status":"publish","type":"page","link":"https:\/\/www.campinglabaiedesveys.com\/es\/contacto-con-nosotros\/","title":{"rendered":"Contacto"},"content":{"rendered":"<p>[et_pb_section fb_built=\u00bb1&#8243; admin_label=\u00bbHeader Section\u00bb _builder_version=\u00bb4.18.0&#8243; use_background_color_gradient=\u00bbon\u00bb background_color_gradient_stops=\u00bb#e9f0f6 0%|rgba(233,240,246,0.2) 100%\u00bb background_color_gradient_overlays_image=\u00bbon\u00bb background_color_gradient_start=\u00bb#e9f0f6&#8243; background_color_gradient_end=\u00bbrgba(233,240,246,0.2)\u00bb background_image=\u00bbhttps:\/\/www.campinglabaiedesveys.com\/wp-content\/uploads\/2022\/10\/canoe-baie-des-veys-normandie.jpg\u00bb custom_padding=\u00bb10%||20%|\u00bb global_colors_info=\u00bb{}\u00bb][et_pb_row custom_padding_last_edited=\u00bboff|desktop\u00bb admin_label=\u00bbFila de cabecera\u00bb _builder_version=\u00bb4.16&#8243; custom_margin=\u00bb|||\u00bb custom_padding=\u00bb|||\u00bb custom_padding_phone=\u00bb3vw|||\u00bb global_colors_info=\u00bb{}\u00bb][et_pb_column type=\u00bb4_4&#8243; _builder_version=\u00bb4.16&#8243; custom_padding=\u00bb|||\u00bb global_colors_info=\u00bb{}\u00bb custom_padding__hover=\u00bb|||\u00bb][et_pb_text admin_label=\u00bbHeading &#038; Subheading\u00bb _builder_version=\u00bb4.16&#8243; text_font=\u00bbMuli|600|||||||\u00bb text_font_size=\u00bb18px\u00bb text_line_height=\u00bb1.8em\u00bb header_font=\u00bbMuli|700|||||||\u00bb header_font_size=\u00bb65px\u00bb header_line_height=\u00bb1.4em\u00bb header_2_font=\u00bb||||||||\u00bb text_orientation=\u00bbcenter\u00bb max_width=\u00bb800px\u00bb max_width_last_edited=\u00bboff|desktop\u00bb module_alignment=\u00bbcenter\u00bb custom_margin=\u00bb|||\u00bb custom_padding=\u00bb|||\u00bb custom_padding_last_edited=\u00bboff|desktop\u00bb animation_style=\u00bbfade\u00bb global_colors_info=\u00bb{}\u00bb]<\/p>\n<h1>Contacto con nosotros<\/h1>\n<p>\u00bfQuiere organizar su viaje? \u00bfTiene alguna pregunta? Estamos a su disposici\u00f3n.<\/p>\n<p>[\/et_pb_text][\/et_pb_column][\/et_pb_row][\/et_pb_section][et_pb_section fb_built=\u00bb1&#8243; admin_label=\u00bbContact Section\u00bb _builder_version=\u00bb4.27.4&#8243; background_color=\u00bb#FFFFFF\u00bb custom_padding=\u00bb54px|0px|100px|0px\u00bb global_colors_info=\u00bb{}\u00bb][et_pb_row column_structure=\u00bb1_2,1_2&#8243; admin_label=\u00bbFila de mensajes\u00bb _builder_version=\u00bb4.18.0&#8243; custom_padding=\u00bb|||\u00bb global_colors_info=\u00bb{}\u00bb][et_pb_column type=\u00bb1_2&#8243; _builder_version=\u00bb4.16&#8243; custom_padding=\u00bb|||\u00bb global_colors_info=\u00bb{}\u00bb custom_padding__hover=\u00bb|||\u00bb][et_pb_text admin_label=\u00bbTitle\u00bb _builder_version=\u00bb4.27.4&#8243; text_font=\u00bbMuli|600|||||||\u00bb text_text_color=\u00bb#737373&#8243; text_font_size=\u00bb18px\u00bb header_font=\u00bb||||||||\u00bb header_2_font=\u00bbMuli|700|||||||\u00bb header_2_text_align=\u00bbleft\u00bb header_2_font_size=\u00bb50px\u00bb header_2_line_height=\u00bb1.4em\u00bb max_width_last_edited=\u00bboff|desktop\u00bb custom_margin=\u00bb|||\u00bb custom_padding=\u00bb|||\u00bb custom_padding_last_edited=\u00bboff|desktop\u00bb hover_enabled=\u00bb0&#8243; header_2_font_size_tablet=\u00bb\u00bb header_2_font_size_phone=\u00bb40px\u00bb header_2_font_size_last_edited=\u00bbon|phone\u00bb global_colors_info=\u00bb{}\u00bb sticky_enabled=\u00bb0&#8243;]<\/p>\n<h2>D\u00e9janos un mensaje<\/h2>\n<p>[\/et_pb_text][\/et_pb_column][et_pb_column type=\u00bb1_2&#8243; _builder_version=\u00bb4.18.0&#8243; custom_padding=\u00bb|||\u00bb global_colors_info=\u00bb{}\u00bb custom_padding__hover=\u00bb|||\u00bb][et_pb_code _builder_version=\u00bb4.18.0&#8243; _module_preset=\u00bbdefault\u00bb global_colors_info=\u00bb{}\u00bb]<div class=\"forminator-ui forminator-custom-form forminator-custom-form-163 forminator-design--bold  forminator_ajax\" data-forminator-render=\"0\" data-form=\"forminator-module-163\" data-uid=\"69f1ef2f1f819\"><br\/><\/div><form\n\t\t\t\tid=\"forminator-module-163\"\n\t\t\t\tclass=\"forminator-ui forminator-custom-form forminator-custom-form-163 forminator-design--bold  forminator_ajax\"\n\t\t\t\tmethod=\"post\"\n\t\t\t\tdata-forminator-render=\"0\"\n\t\t\t\tdata-form-id=\"163\"\n\t\t\t\t data-color-option=\"default\" data-design=\"bold\" data-grid=\"open\" style=\"display: none;\"\n\t\t\t\tdata-uid=\"69f1ef2f1f819\"\n\t\t\t><div role=\"alert\" aria-live=\"polite\" class=\"forminator-response-message forminator-error\" aria-hidden=\"true\"><\/div><div class=\"forminator-row\"><div id=\"name-1\" class=\"forminator-field-name forminator-col forminator-col-12 \"><div class=\"forminator-field\"><label for=\"forminator-field-name-1_69f1ef2f1f819\" id=\"forminator-field-name-1_69f1ef2f1f819-label\" class=\"forminator-label\">Nom Pr\u00e9nom <span class=\"forminator-required\">*<\/span><\/label><input type=\"text\" name=\"name-1\" value=\"\" placeholder=\"Par exemple\u00a0: \u00ab\u00a0Durand Jean\u00a0\u00bb\" id=\"forminator-field-name-1_69f1ef2f1f819\" class=\"forminator-input forminator-name--field\" aria-required=\"true\" autocomplete=\"name\" \/><\/div><\/div><\/div><div class=\"forminator-row\"><div id=\"email-1\" class=\"forminator-field-email forminator-col forminator-col-12 \"><div class=\"forminator-field\"><label for=\"forminator-field-email-1_69f1ef2f1f819\" id=\"forminator-field-email-1_69f1ef2f1f819-label\" class=\"forminator-label\">Adresse de messagerie <span class=\"forminator-required\">*<\/span><\/label><input type=\"email\" name=\"email-1\" value=\"\" placeholder=\"Par exemple\u00a0: jacques@martin.com\" id=\"forminator-field-email-1_69f1ef2f1f819\" class=\"forminator-input forminator-email--field\" data-required=\"true\" aria-required=\"true\" autocomplete=\"email\" \/><\/div><\/div><\/div><div class=\"forminator-row\"><div id=\"phone-1\" class=\"forminator-field-phone forminator-col forminator-col-12 \"><div class=\"forminator-field\"><label for=\"forminator-field-phone-1_69f1ef2f1f819\" id=\"forminator-field-phone-1_69f1ef2f1f819-label\" class=\"forminator-label\">Num\u00e9ro de t\u00e9l\u00e9phone<\/label><input type=\"text\" name=\"phone-1\" value=\"\" placeholder=\"Par exemple\u00a0: +1 3004005000\" id=\"forminator-field-phone-1_69f1ef2f1f819\" class=\"forminator-input forminator-field--phone\" data-required=\"\" aria-required=\"false\" autocomplete=\"off\" \/><\/div><\/div><\/div><div class=\"forminator-row\"><div id=\"textarea-1\" class=\"forminator-field-textarea forminator-col forminator-col-12  form-mulish\"><div class=\"forminator-field\"><label for=\"forminator-field-textarea-1_69f1ef2f1f819\" id=\"forminator-field-textarea-1_69f1ef2f1f819-label\" class=\"forminator-label\">Message<\/label><textarea name=\"textarea-1\" placeholder=\"Saisissez votre message\u2026\" id=\"forminator-field-textarea-1_69f1ef2f1f819\" class=\"forminator-textarea\" rows=\"6\" style=\"--forminator-textarea-min-height:140px;\" maxlength=\"500\" ><\/textarea><span id=\"forminator-field-textarea-1_69f1ef2f1f819-description\" class=\"forminator-description\"><span data-limit=\"500\" data-type=\"characters\" data-editor=\"\">0 \/ 500<\/span><\/span><\/div><\/div><\/div><div class=\"forminator-row\"><div id=\"consent-1\" class=\"forminator-field-consent forminator-col forminator-col-12  form-mulish\"><div class=\"forminator-field\"><label for=\"forminator-field-consent-1_69f1ef2f1f819\" id=\"forminator-field-consent-1_69f1ef2f1f819-label\" class=\"forminator-label\">Donn\u00e9es personnelles <span class=\"forminator-required\">*<\/span><\/label><div class=\"forminator-checkbox__wrapper\"><label id=\"forminator-field-consent-1_69f1ef2f1f819__label\" class=\"forminator-checkbox forminator-consent\"><input type=\"checkbox\" name=\"consent-1\" id=\"forminator-field-consent-1_69f1ef2f1f819\" value=\"checked\" aria-labelledby=\"forminator-field-consent-1_69f1ef2f1f819-label\" aria-describedby=\"forminator-field-consent-1_69f1ef2f1f819__description\" data-required=\"true\" aria-required=\"true\" \/><span class=\"forminator-checkbox-box\" aria-hidden=\"true\"><\/span><\/label><div id=\"forminator-field-consent-1_69f1ef2f1f819__description\" class=\"forminator-checkbox__label forminator-consent__label\"><p>J'accepte l'utilisation de ces donn\u00e9es personnelles pour \u00eatre recontact\u00e9<\/p><\/div><\/div><\/div><\/div><\/div><div class=\"forminator-row\" style=\"margin: 0;\"><div id=\"captcha-1\" class=\"forminator-field-captcha  forminator-col-12 \"><div class=\"forminator-captcha-right forminator-hcaptcha\" data-theme=\"light\"  data-sitekey=\"e272b13e-1ff6-4296-9e2c-084eea025caa\" data-size=\"invisible\"><\/div> <div class=\"forminator-checkbox__label\"><p>Ce site est prot\u00e9g\u00e9 par hCaptcha et sa politique de confidentialit\u00e9 et ses conditions d'utilisation s'appliquent.<\/p><\/div><\/div><\/div><input type=\"hidden\" name=\"referer_url\" value=\"\" \/><div class=\"forminator-row forminator-row-last\"><div class=\"forminator-col\"><div class=\"forminator-field\"><button class=\"forminator-button forminator-button-submit\">Envoyer le message<\/button><\/div><\/div><\/div><input type=\"hidden\" id=\"forminator_nonce\" name=\"forminator_nonce\" value=\"fc53d3d174\" \/><input type=\"hidden\" name=\"_wp_http_referer\" value=\"\/es\/wp-json\/wp\/v2\/pages\/2504\" \/><input type=\"hidden\" name=\"form_id\" value=\"163\"><input type=\"hidden\" name=\"page_id\" value=\"2504\"><input type=\"hidden\" name=\"form_type\" value=\"default\"><input type=\"hidden\" name=\"current_url\" value=\"https:\/\/www.campinglabaiedesveys.com\/es\/contacto-con-nosotros\/\"><input type=\"hidden\" name=\"render_id\" value=\"0\"><input type=\"hidden\" name=\"action\" value=\"forminator_submit_form_custom-forms\"><label for=\"input_6\" class=\"forminator-hidden\" aria-hidden=\"true\">Por favor, no rellenes este campo. <input id=\"input_6\" type=\"text\" name=\"input_6\" value=\"\" autocomplete=\"off\"><\/label><\/form>[\/et_pb_code][\/et_pb_column][\/et_pb_row][\/et_pb_section][et_pb_section fb_built=\u00bb1&#8243; admin_label=\u00bbMap Section\u00bb _builder_version=\u00bb4.16&#8243; background_color=\u00bb#e9f0f6&#8243; custom_padding=\u00bb100px|0px|100px|0px\u00bb global_colors_info=\u00bb{}\u00bb][et_pb_row admin_label=\u00bbFila de mapas\u00bb _builder_version=\u00bb4.16&#8243; custom_margin=\u00bb|||\u00bb custom_margin_last_edited=\u00bboff|desktop\u00bb custom_padding=\u00bb|||\u00bb global_colors_info=\u00bb{}\u00bb][et_pb_column type=\u00bb4_4&#8243; _builder_version=\u00bb4.16&#8243; custom_padding=\u00bb|||\u00bb global_colors_info=\u00bb{}\u00bb custom_padding__hover=\u00bb|||\u00bb][et_pb_text admin_label=\u00bbTitle\u00bb _builder_version=\u00bb4.16&#8243; text_font=\u00bbMuli|600|||||||\u00bb text_font_size=\u00bb18px\u00bb text_line_height=\u00bb1.8em\u00bb header_font=\u00bb||||||||\u00bb header_2_font=\u00bbMuli|700|||||||\u00bb header_2_font_size=\u00bb50px\u00bb header_2_line_height=\u00bb1.4em\u00bb text_orientation=\u00bbcenter\u00bb max_width=\u00bb800px\u00bb max_width_last_edited=\u00bboff|desktop\u00bb module_alignment=\u00bbcenter\u00bb custom_margin=\u00bb|||\u00bb custom_padding=\u00bb|||\u00bb custom_padding_last_edited=\u00bboff|desktop\u00bb header_2_font_size_tablet=\u00bb\u00bb header_2_font_size_phone=\u00bb40px\u00bb header_2_font_size_last_edited=\u00bbon|phone\u00bb global_colors_info=\u00bb{}\u00bb]<\/p>\n<h2>\u00bfD\u00f3nde estamos?<\/h2>\n<p>Encantador camping junto al mar, cerca de las playas y lugares hist\u00f3ricos del desembarco del D\u00eda D: Utah Beach, Sainte M\u00e8re Eglise, Omaha Beach y Pointe du Hoc. Podr\u00e1 visitar f\u00e1cilmente el Mont Saint Michel, a s\u00f3lo 1h30 en coche. Los amantes de la naturaleza apreciar\u00e1n la reserva ornitol\u00f3gica de Beauguillot, los bonitos paseos por las marismas y el parque natural de Cotentin. Para tus vacaciones en La Mancha, te proponemos una gama de alojamientos y mobil homes con capacidad para 7 personas<a href=\"https:\/\/www.campinglabaiedesveys.com\/es\/alojamiento\/las-3-habitaciones\/\">(3 habitaciones con vistas al mar<\/a>).<\/p>\n<p>Para disfrute de grandes y peque\u00f1os, tenemos una <a href=\"https:\/\/www.campinglabaiedesveys.com\/espace-aquatique\/\">piscina climatizada<\/a>. En nuestro snack bar, estaremos encantados de recibirle para pasar un buen rato.<\/p>\n<p>[\/et_pb_text][\/et_pb_column][\/et_pb_row][et_pb_row _builder_version=\u00bb4.18.0&#8243; _module_preset=\u00bbdefault\u00bb global_colors_info=\u00bb{}\u00bb][et_pb_column type=\u00bb4_4&#8243; _builder_version=\u00bb4.18.0&#8243; _module_preset=\u00bbdefault\u00bb global_colors_info=\u00bb{}\u00bb][et_pb_code _builder_version=\u00bb4.18.0&#8243; _module_preset=\u00bbdefault\u00bb global_colors_info=\u00bb{}\u00bb]<iframe src=\"https:\/\/www.google.com\/maps\/embed?pb=!1m14!1m8!1m3!1d10393.160303850305!2d-1.177467!3d49.365584!3m2!1i1024!2i768!4f13.1!3m3!1m2!1s0x0%3A0x629580d809facf84!2sCamping%20La%20Baie%20Des%20Veys!5e0!3m2!1sfr!2sfr!4v1665744690322!5m2!1sfr!2sfr\" width=\"1000\" height=\"450\" style=\"border:0;\" allowfullscreen=\"\" loading=\"lazy\" referrerpolicy=\"no-referrer-when-downgrade\"><\/iframe>[\/et_pb_code][\/et_pb_column][\/et_pb_row][\/et_pb_section]<\/p>\n","protected":false},"excerpt":{"rendered":"<p>Contacto con nosotros \u00bfQuiere organizar su viaje? \u00bfTiene alguna pregunta? Estamos a su disposici\u00f3n.D\u00e9janos un mensaje<div class=\"forminator-ui forminator-custom-form forminator-custom-form-163 forminator-design--bold  forminator_ajax\" data-forminator-render=\"1\" data-form=\"forminator-module-163\" data-uid=\"69f1ef2f27abb\"><br\/><\/div><form\n\t\t\t\tid=\"forminator-module-163\"\n\t\t\t\tclass=\"forminator-ui forminator-custom-form forminator-custom-form-163 forminator-design--bold  forminator_ajax\"\n\t\t\t\tmethod=\"post\"\n\t\t\t\tdata-forminator-render=\"1\"\n\t\t\t\tdata-form-id=\"163\"\n\t\t\t\t data-color-option=\"default\" data-design=\"bold\" data-grid=\"open\" style=\"display: none;\"\n\t\t\t\tdata-uid=\"69f1ef2f27abb\"\n\t\t\t><div role=\"alert\" aria-live=\"polite\" class=\"forminator-response-message forminator-error\" aria-hidden=\"true\"><\/div><div class=\"forminator-row\"><div id=\"name-1\" class=\"forminator-field-name forminator-col forminator-col-12 \"><div class=\"forminator-field\"><label for=\"forminator-field-name-1_69f1ef2f27abb\" id=\"forminator-field-name-1_69f1ef2f27abb-label\" class=\"forminator-label\">Nom Pr\u00e9nom <span class=\"forminator-required\">*<\/span><\/label><input type=\"text\" name=\"name-1\" value=\"\" placeholder=\"Par exemple\u00a0: \u00ab\u00a0Durand Jean\u00a0\u00bb\" id=\"forminator-field-name-1_69f1ef2f27abb\" class=\"forminator-input forminator-name--field\" aria-required=\"true\" autocomplete=\"name\" \/><\/div><\/div><\/div><div class=\"forminator-row\"><div id=\"email-1\" class=\"forminator-field-email forminator-col forminator-col-12 \"><div class=\"forminator-field\"><label for=\"forminator-field-email-1_69f1ef2f27abb\" id=\"forminator-field-email-1_69f1ef2f27abb-label\" class=\"forminator-label\">Adresse de messagerie <span class=\"forminator-required\">*<\/span><\/label><input type=\"email\" name=\"email-1\" value=\"\" placeholder=\"Par exemple\u00a0: jacques@martin.com\" id=\"forminator-field-email-1_69f1ef2f27abb\" class=\"forminator-input forminator-email--field\" data-required=\"true\" aria-required=\"true\" autocomplete=\"email\" \/><\/div><\/div><\/div><div class=\"forminator-row\"><div id=\"phone-1\" class=\"forminator-field-phone forminator-col forminator-col-12 \"><div class=\"forminator-field\"><label for=\"forminator-field-phone-1_69f1ef2f27abb\" id=\"forminator-field-phone-1_69f1ef2f27abb-label\" class=\"forminator-label\">Num\u00e9ro de t\u00e9l\u00e9phone<\/label><input type=\"text\" name=\"phone-1\" value=\"\" placeholder=\"Par exemple\u00a0: +1 3004005000\" id=\"forminator-field-phone-1_69f1ef2f27abb\" class=\"forminator-input forminator-field--phone\" data-required=\"\" aria-required=\"false\" autocomplete=\"off\" \/><\/div><\/div><\/div><div class=\"forminator-row\"><div id=\"textarea-1\" class=\"forminator-field-textarea forminator-col forminator-col-12  form-mulish\"><div class=\"forminator-field\"><label for=\"forminator-field-textarea-1_69f1ef2f27abb\" id=\"forminator-field-textarea-1_69f1ef2f27abb-label\" class=\"forminator-label\">Message<\/label><textarea name=\"textarea-1\" placeholder=\"Saisissez votre message\u2026\" id=\"forminator-field-textarea-1_69f1ef2f27abb\" class=\"forminator-textarea\" rows=\"6\" style=\"--forminator-textarea-min-height:140px;\" maxlength=\"500\" ><\/textarea><span id=\"forminator-field-textarea-1_69f1ef2f27abb-description\" class=\"forminator-description\"><span data-limit=\"500\" data-type=\"characters\" data-editor=\"\">0 \/ 500<\/span><\/span><\/div><\/div><\/div><div class=\"forminator-row\"><div id=\"consent-1\" class=\"forminator-field-consent forminator-col forminator-col-12  form-mulish\"><div class=\"forminator-field\"><label for=\"forminator-field-consent-1_69f1ef2f27abb\" id=\"forminator-field-consent-1_69f1ef2f27abb-label\" class=\"forminator-label\">Donn\u00e9es personnelles <span class=\"forminator-required\">*<\/span><\/label><div class=\"forminator-checkbox__wrapper\"><label id=\"forminator-field-consent-1_69f1ef2f27abb__label\" class=\"forminator-checkbox forminator-consent\"><input type=\"checkbox\" name=\"consent-1\" id=\"forminator-field-consent-1_69f1ef2f27abb\" value=\"checked\" aria-labelledby=\"forminator-field-consent-1_69f1ef2f27abb-label\" aria-describedby=\"forminator-field-consent-1_69f1ef2f27abb__description\" data-required=\"true\" aria-required=\"true\" \/><span class=\"forminator-checkbox-box\" aria-hidden=\"true\"><\/span><\/label><div id=\"forminator-field-consent-1_69f1ef2f27abb__description\" class=\"forminator-checkbox__label forminator-consent__label\"><p>J'accepte l'utilisation de ces donn\u00e9es personnelles pour \u00eatre recontact\u00e9<\/p><\/div><\/div><\/div><\/div><\/div><div class=\"forminator-row\" style=\"margin: 0;\"><div id=\"captcha-1\" class=\"forminator-field-captcha  forminator-col-12 \"><div class=\"forminator-captcha-right forminator-hcaptcha\" data-theme=\"light\"  data-sitekey=\"e272b13e-1ff6-4296-9e2c-084eea025caa\" data-size=\"invisible\"><\/div> <div class=\"forminator-checkbox__label\"><p>Ce site est prot\u00e9g\u00e9 par hCaptcha et sa politique de confidentialit\u00e9 et ses conditions d'utilisation s'appliquent.<\/p><\/div><\/div><\/div><input type=\"hidden\" name=\"referer_url\" value=\"\" \/><div class=\"forminator-row forminator-row-last\"><div class=\"forminator-col\"><div class=\"forminator-field\"><button class=\"forminator-button forminator-button-submit\">Envoyer le message<\/button><\/div><\/div><\/div><input type=\"hidden\" id=\"forminator_nonce\" name=\"forminator_nonce\" value=\"fc53d3d174\" \/><input type=\"hidden\" name=\"_wp_http_referer\" value=\"\/es\/wp-json\/wp\/v2\/pages\/2504\" \/><input type=\"hidden\" name=\"form_id\" value=\"163\"><input type=\"hidden\" name=\"page_id\" value=\"2504\"><input type=\"hidden\" name=\"form_type\" value=\"default\"><input type=\"hidden\" name=\"current_url\" value=\"https:\/\/www.campinglabaiedesveys.com\/es\/contacto-con-nosotros\/\"><input type=\"hidden\" name=\"render_id\" value=\"1\"><input type=\"hidden\" name=\"action\" value=\"forminator_submit_form_custom-forms\"><label for=\"input_6\" class=\"forminator-hidden\" aria-hidden=\"true\">Por favor, no rellenes este campo. <input id=\"input_6\" type=\"text\" name=\"input_6\" value=\"\" autocomplete=\"off\"><\/label><label for=\"input_6\" class=\"forminator-hidden\" aria-hidden=\"true\">Por favor, no rellenes este campo. <input id=\"input_6\" type=\"text\" name=\"input_6\" value=\"\" autocomplete=\"off\"><\/label><\/form>\u00bfD\u00f3nde estamos? Encantador camping junto al mar, cerca de las playas y lugares hist\u00f3ricos del desembarco del D\u00eda D: Utah Beach, Sainte M\u00e8re Eglise, Omaha Beach y Pointe du Hoc. Podr\u00e1 visitar f\u00e1cilmente el Mont Saint Michel, a s\u00f3lo [&hellip;]<\/p>\n","protected":false},"author":3,"featured_media":0,"parent":0,"menu_order":0,"comment_status":"closed","ping_status":"closed","template":"","meta":{"_seopress_robots_primary_cat":"","_seopress_titles_title":"Prepare su estancia en Normand\u00eda, somos amantes de la regi\u00f3n.","_seopress_titles_desc":"\u00bfTienes alguna pregunta sobre tu estancia en Sainte-Marie-du-Mont? \u00a1Contacta con nuestro equipo familiar! Nos apasiona ayudarte a planificar tus vacaciones ideales en Normand\u00eda.  ","_seopress_robots_index":"","_et_pb_use_builder":"on","_et_pb_old_content":"","_et_gb_content_width":"","footnotes":""},"class_list":["post-2504","page","type-page","status-publish","hentry"],"_links":{"self":[{"href":"https:\/\/www.campinglabaiedesveys.com\/es\/wp-json\/wp\/v2\/pages\/2504","targetHints":{"allow":["GET"]}}],"collection":[{"href":"https:\/\/www.campinglabaiedesveys.com\/es\/wp-json\/wp\/v2\/pages"}],"about":[{"href":"https:\/\/www.campinglabaiedesveys.com\/es\/wp-json\/wp\/v2\/types\/page"}],"author":[{"embeddable":true,"href":"https:\/\/www.campinglabaiedesveys.com\/es\/wp-json\/wp\/v2\/users\/3"}],"replies":[{"embeddable":true,"href":"https:\/\/www.campinglabaiedesveys.com\/es\/wp-json\/wp\/v2\/comments?post=2504"}],"version-history":[{"count":26,"href":"https:\/\/www.campinglabaiedesveys.com\/es\/wp-json\/wp\/v2\/pages\/2504\/revisions"}],"predecessor-version":[{"id":9417,"href":"https:\/\/www.campinglabaiedesveys.com\/es\/wp-json\/wp\/v2\/pages\/2504\/revisions\/9417"}],"wp:attachment":[{"href":"https:\/\/www.campinglabaiedesveys.com\/es\/wp-json\/wp\/v2\/media?parent=2504"}],"curies":[{"name":"wp","href":"https:\/\/api.w.org\/{rel}","templated":true}]}}