{"id":2590,"date":"2022-01-14T09:04:25","date_gmt":"2022-01-14T08:04:25","guid":{"rendered":"https:\/\/www.campinglabaiedesveys.com\/noticias\/"},"modified":"2026-04-16T12:48:53","modified_gmt":"2026-04-16T10:48:53","slug":"noticias","status":"publish","type":"page","link":"https:\/\/www.campinglabaiedesveys.com\/es\/noticias\/","title":{"rendered":"Noticias"},"content":{"rendered":"<p>[et_pb_section fb_built=\u00bb1&#8243; admin_label=\u00bbHeader Section\u00bb _builder_version=\u00bb4.19.4&#8243; background_image=\u00bbhttps:\/\/www.campinglabaiedesveys.com\/wp-content\/uploads\/2022\/10\/canoe-baie-des-veys-normandie.jpg\u00bb custom_padding=\u00bb|0px||0px|false|false\u00bb global_colors_info=\u00bb{}\u00bb][et_pb_row admin_label=\u00bbT\u00edtulo Fila\u00bb _builder_version=\u00bb4.19.1&#8243; background_color=\u00bbrgba(0,0,0,0.24)\u00bb animation_style=\u00bbfade\u00bb animation_starting_opacity=\u00bb26%\u00bb global_colors_info=\u00bb{}\u00bb][et_pb_column type=\u00bb4_4&#8243; _builder_version=\u00bb4.16&#8243; custom_padding=\u00bb|||\u00bb global_colors_info=\u00bb{}\u00bb custom_padding__hover=\u00bb|||\u00bb][et_pb_text admin_label=\u00bbTitle &#038; Paragraph\u00bb _builder_version=\u00bb4.16&#8243; text_font=\u00bbMuli|600|||||||\u00bb text_text_color=\u00bbrgba(255,255,255,0.55)\u00bb text_font_size=\u00bb18px\u00bb text_line_height=\u00bb1.8em\u00bb header_font=\u00bbMuli|700|||||||\u00bb header_font_size=\u00bb65px\u00bb header_line_height=\u00bb1.4em\u00bb header_2_font=\u00bb||||||||\u00bb text_orientation=\u00bbcenter\u00bb background_layout=\u00bbdark\u00bb max_width=\u00bb640px\u00bb max_width_last_edited=\u00bboff|desktop\u00bb module_alignment=\u00bbcenter\u00bb custom_margin=\u00bb|||\u00bb custom_margin_tablet=\u00bb0px|||0px\u00bb custom_margin_last_edited=\u00bboff|desktop\u00bb custom_padding=\u00bb|||\u00bb custom_padding_last_edited=\u00bboff|desktop\u00bb animation_style=\u00bbfade\u00bb header_font_size_tablet=\u00bb\u00bb header_font_size_phone=\u00bb50px\u00bb header_font_size_last_edited=\u00bbon|phone\u00bb global_colors_info=\u00bb{}\u00bb][\/et_pb_text][et_pb_text admin_label=\u00bbTitle &#038; Paragraph\u00bb _builder_version=\u00bb4.16&#8243; text_font=\u00bbMuli|600|||||||\u00bb text_text_color=\u00bbrgba(255,255,255,0.55)\u00bb text_font_size=\u00bb18px\u00bb text_line_height=\u00bb1.8em\u00bb header_font=\u00bbMuli|700|||||||\u00bb header_font_size=\u00bb65px\u00bb header_line_height=\u00bb1.4em\u00bb header_2_font=\u00bb||||||||\u00bb text_orientation=\u00bbcenter\u00bb background_layout=\u00bbdark\u00bb max_width=\u00bb640px\u00bb max_width_last_edited=\u00bboff|desktop\u00bb module_alignment=\u00bbcenter\u00bb custom_margin=\u00bb|||\u00bb custom_margin_tablet=\u00bb0px|||0px\u00bb custom_margin_last_edited=\u00bboff|desktop\u00bb custom_padding=\u00bb|||\u00bb custom_padding_last_edited=\u00bboff|desktop\u00bb animation_style=\u00bbfade\u00bb header_font_size_tablet=\u00bb\u00bb header_font_size_phone=\u00bb50px\u00bb header_font_size_last_edited=\u00bbon|phone\u00bb global_colors_info=\u00bb{}\u00bb]<\/p>\n<h1><\/h1>\n<h1>El blog del camping<\/h1>\n<p>Descubra toda la actualidad de nuestro camping La Baie des Veys y sus alrededores en esta secci\u00f3n del blog. \u00a1Prepara lo mejor posible tu estancia en nuestros alquileres o parcelas justo en frente de la Bah\u00eda!<\/p>\n<p>[\/et_pb_text][\/et_pb_column][\/et_pb_row][\/et_pb_section][et_pb_section fb_built=\u00bb1&#8243; admin_label=\u00bbBlog Section\u00bb _builder_version=\u00bb4.19.4&#8243; background_position=\u00bbtop_center\u00bb custom_padding=\u00bb100px|0px|100px|0px\u00bb bottom_divider_style=\u00bbwave2&#8243; bottom_divider_color=\u00bb#6FBEBD\u00bb global_colors_info=\u00bb{}\u00bb][et_pb_row admin_label=\u00bbT\u00edtulo Fila\u00bb _builder_version=\u00bb4.16&#8243; global_colors_info=\u00bb{}\u00bb][et_pb_column type=\u00bb4_4&#8243; _builder_version=\u00bb4.16&#8243; custom_padding=\u00bb|||\u00bb global_colors_info=\u00bb{}\u00bb custom_padding__hover=\u00bb|||\u00bb][et_pb_text admin_label=\u00bbTitle &#038; Paragraph\u00bb _builder_version=\u00bb4.19.2&#8243; text_font=\u00bbMuli|600|||||||\u00bb text_font_size=\u00bb18px\u00bb text_line_height=\u00bb1.8em\u00bb header_font=\u00bb||||||||\u00bb header_2_font=\u00bbMuli|700|||||||\u00bb header_2_font_size=\u00bb50px\u00bb header_2_line_height=\u00bb1.4em\u00bb text_orientation=\u00bbcenter\u00bb max_width=\u00bb640px\u00bb max_width_last_edited=\u00bboff|desktop\u00bb module_alignment=\u00bbcenter\u00bb custom_margin=\u00bb|||\u00bb custom_margin_tablet=\u00bb0px|||0px\u00bb custom_margin_last_edited=\u00bboff|desktop\u00bb custom_padding=\u00bb|||\u00bb custom_padding_last_edited=\u00bboff|desktop\u00bb header_2_font_size_tablet=\u00bb\u00bb header_2_font_size_phone=\u00bb40px\u00bb header_2_font_size_last_edited=\u00bbon|desktop\u00bb global_colors_info=\u00bb{}\u00bb]<\/p>\n<h2>\u00bfQu\u00e9 hay de nuevo?<\/h2>\n<p>Desde festivales de m\u00fasica hasta las playas del desembarco del D\u00eda D, pasando por la Reserva Natural Nacional del Domaine de Beauguillot, compartimos con usted todas las actividades para su estancia<\/p>\n<p>[\/et_pb_text][\/et_pb_column][\/et_pb_row][et_pb_row admin_label=\u00bbEntradas de blog Fila\u00bb _builder_version=\u00bb4.27.6&#8243; hover_enabled=\u00bb0&#8243; global_colors_info=\u00bb{}\u00bb sticky_enabled=\u00bb0&#8243;][et_pb_column type=\u00bb4_4&#8243; _builder_version=\u00bb4.27.6&#8243; custom_padding=\u00bb|||\u00bb hover_enabled=\u00bb0&#8243; global_colors_info=\u00bb{}\u00bb custom_padding__hover=\u00bb|||\u00bb sticky_enabled=\u00bb0&#8243;][et_pb_blog fullwidth=\u00bboff\u00bb posts_number=\u00bb20&#8243; include_categories=\u00bball\u00bb meta_date=\u00bbj M Y\u00bb excerpt_length=\u00bb80&#8243; show_more=\u00bbon\u00bb show_author=\u00bboff\u00bb show_pagination=\u00bboff\u00bb use_overlay=\u00bbon\u00bb _builder_version=\u00bb4.27.6&#8243; header_level=\u00bbh4&#8243; header_font=\u00bbMuli|600|||||||\u00bb header_font_size=\u00bb18px\u00bb header_line_height=\u00bb1.4em\u00bb body_font=\u00bbMuli||||||||\u00bb body_font_size=\u00bb16px\u00bb body_line_height=\u00bb1.8em\u00bb meta_font=\u00bbMuli|600|||||||\u00bb meta_text_color=\u00bbrgba(0,0,0,0.3)\u00bb meta_font_size=\u00bb14px\u00bb read_more_font=\u00bb|600|||||||\u00bb read_more_text_color=\u00bb#6FBEBD\u00bb custom_margin=\u00bb|||\u00bb custom_padding=\u00bb|||\u00bb hover_enabled=\u00bb0&#8243; border_width_all=\u00bb0px\u00bb border_radii_image=\u00bbon|25px|25px|25px|25px\u00bb box_shadow_style_image=\u00bbpreset1&#8243; global_colors_info=\u00bb{}\u00bb sticky_enabled=\u00bb0&#8243;][\/et_pb_blog][\/et_pb_column][\/et_pb_row][et_pb_row column_structure=\u00bb1_3,1_3,1_3&#8243; admin_label=\u00bbProceso Fila\u00bb _builder_version=\u00bb4.20.4&#8243; background_color=\u00bb#ffffff\u00bb background_pattern_horizontal_offset=\u00bb-34%\u00bb background_enable_mask_style=\u00bbon\u00bb background_mask_style=\u00bbellipse\u00bb background_mask_color=\u00bbRGBA(255,255,255,0)\u00bb background_mask_size=\u00bbcover\u00bb animation_style=\u00bbbounce\u00bb global_module=\u00bb635&#8243; saved_tabs=\u00bball\u00bb global_colors_info=\u00bb{}\u00bb][et_pb_column type=\u00bb1_3&#8243; _builder_version=\u00bb4.19.4&#8243; custom_padding=\u00bb|||\u00bb global_colors_info=\u00bb{}\u00bb custom_padding__hover=\u00bb|||\u00bb][et_pb_blurb title=\u00bbBuscar en\u00bb url=\u00bbhttps:\/\/www.campinglabaiedesveys.com\/es\/alojamiento\/\u00bb image=\u00bbhttps:\/\/www.campinglabaiedesveys.com\/wp-content\/uploads\/2022\/10\/1.gif\u00bb alt=\u00bb1&#8243; image_icon_width=\u00bb38px\u00bb admin_label=\u00bbProcess\u00bb _builder_version=\u00bb4.19.2&#8243; header_font=\u00bbMuli|700|||||||\u00bb header_text_align=\u00bbcenter\u00bb header_font_size=\u00bb20px\u00bb header_line_height=\u00bb1.4em\u00bb body_font=\u00bbMuli|600|||||||\u00bb body_text_align=\u00bbcenter\u00bb body_font_size=\u00bb16px\u00bb body_line_height=\u00bb1.8em\u00bb link_option_url=\u00bbhttps:\/\/www.campinglabaiedesveys.com\/es\/alojamiento\/\u00bb border_width_all_image=\u00bb4px\u00bb border_color_all_image=\u00bb#6fbebd\u00bb image_max_width=\u00bb38px\u00bb global_colors_info=\u00bb{}\u00bb]<\/p>\n<p>Mobil-home, alojamiento ins\u00f3lito, casa rural: elija el lugar ideal para su estancia<\/p>\n<p>[\/et_pb_blurb][\/et_pb_column][et_pb_column type=\u00bb1_3&#8243; _builder_version=\u00bb4.16&#8243; custom_padding=\u00bb|||\u00bb global_colors_info=\u00bb{}\u00bb custom_padding__hover=\u00bb|||\u00bb][et_pb_blurb title=\u00bbPrepare\u00bb url=\u00bbhttps:\/\/www.campinglabaiedesveys.com\/visites-et-histoire\/\u00bb image=\u00bbhttps:\/\/www.campinglabaiedesveys.com\/wp-content\/uploads\/2022\/10\/2.gif\u00bb alt=\u00bb2&#8243; image_icon_width=\u00bb38px\u00bb admin_label=\u00bbProcess\u00bb _builder_version=\u00bb4.19.2&#8243; header_font=\u00bbMuli|700|||||||\u00bb header_text_align=\u00bbcenter\u00bb header_font_size=\u00bb20px\u00bb header_line_height=\u00bb1.4em\u00bb body_font=\u00bbMuli|600|||||||\u00bb body_text_align=\u00bbcenter\u00bb body_font_size=\u00bb16px\u00bb body_line_height=\u00bb1.8em\u00bb link_option_url=\u00bbhttps:\/\/www.campinglabaiedesveys.com\/visites-et-histoire\/\u00bb border_width_all_image=\u00bb4px\u00bb border_color_all_image=\u00bb#6fbebd\u00bb image_max_width=\u00bb38px\u00bb global_colors_info=\u00bb{}\u00bb]<\/p>\n<p>Reserva natural, playas del desembarco, museo&#8230; prepara tus vacaciones<\/p>\n<p>[\/et_pb_blurb][\/et_pb_column][et_pb_column type=\u00bb1_3&#8243; _builder_version=\u00bb4.16&#8243; custom_padding=\u00bb|||\u00bb global_colors_info=\u00bb{}\u00bb custom_padding__hover=\u00bb|||\u00bb][et_pb_blurb title=\u00bbReserve\u00bb url=\u00bbhttps:\/\/www.campinglabaiedesveys.com\/es\/reserve\/\u00bb image=\u00bbhttps:\/\/www.campinglabaiedesveys.com\/wp-content\/uploads\/2022\/10\/3.gif\u00bb alt=\u00bb3&#8243; image_icon_width=\u00bb38px\u00bb admin_label=\u00bbProcess\u00bb _builder_version=\u00bb4.19.2&#8243; header_font=\u00bbMuli|700|||||||\u00bb header_text_align=\u00bbcenter\u00bb header_font_size=\u00bb20px\u00bb header_line_height=\u00bb1.4em\u00bb body_font=\u00bbMuli|600|||||||\u00bb body_text_align=\u00bbcenter\u00bb body_font_size=\u00bb16px\u00bb body_line_height=\u00bb1.8em\u00bb link_option_url=\u00bbhttps:\/\/www.campinglabaiedesveys.com\/es\/reserve\/\u00bb border_width_all_image=\u00bb4px\u00bb border_color_all_image=\u00bb#6fbebd\u00bb image_max_width=\u00bb38px\u00bb global_colors_info=\u00bb{}\u00bb]<\/p>\n<p>En unos pocos clics, seleccione su estancia y \u00a1a disfrutar!<\/p>\n<p>[\/et_pb_blurb][\/et_pb_column][\/et_pb_row][\/et_pb_section]<\/p>\n","protected":false},"excerpt":{"rendered":"<p>Servicios: piscina climatizada, televisi\u00f3n en los alquileres, comida para llevar, pan y boller\u00eda, tienda de comestibles (urgencia), helados.<\/p>\n","protected":false},"author":3,"featured_media":1627,"parent":0,"menu_order":0,"comment_status":"closed","ping_status":"closed","template":"","meta":{"_seopress_robots_primary_cat":"","_seopress_titles_title":"siga toda la actualidad de nuestro camping 3 estrellas en la Mancha","_seopress_titles_desc":"Noticias desde el camping Baie des Veys, en el coraz\u00f3n del parque de las marismas de Cotentin y junto a las playas del desembarco del D\u00eda D, en un entorno protegido donde la calma y la tranquilidad est\u00e1n garantizadas.","_seopress_robots_index":"","_et_pb_use_builder":"on","_et_pb_old_content":"","_et_gb_content_width":"","footnotes":""},"class_list":["post-2590","page","type-page","status-publish","has-post-thumbnail","hentry"],"_links":{"self":[{"href":"https:\/\/www.campinglabaiedesveys.com\/es\/wp-json\/wp\/v2\/pages\/2590","targetHints":{"allow":["GET"]}}],"collection":[{"href":"https:\/\/www.campinglabaiedesveys.com\/es\/wp-json\/wp\/v2\/pages"}],"about":[{"href":"https:\/\/www.campinglabaiedesveys.com\/es\/wp-json\/wp\/v2\/types\/page"}],"author":[{"embeddable":true,"href":"https:\/\/www.campinglabaiedesveys.com\/es\/wp-json\/wp\/v2\/users\/3"}],"replies":[{"embeddable":true,"href":"https:\/\/www.campinglabaiedesveys.com\/es\/wp-json\/wp\/v2\/comments?post=2590"}],"version-history":[{"count":14,"href":"https:\/\/www.campinglabaiedesveys.com\/es\/wp-json\/wp\/v2\/pages\/2590\/revisions"}],"predecessor-version":[{"id":9025,"href":"https:\/\/www.campinglabaiedesveys.com\/es\/wp-json\/wp\/v2\/pages\/2590\/revisions\/9025"}],"wp:featuredmedia":[{"embeddable":true,"href":"https:\/\/www.campinglabaiedesveys.com\/es\/wp-json\/wp\/v2\/media\/1627"}],"wp:attachment":[{"href":"https:\/\/www.campinglabaiedesveys.com\/es\/wp-json\/wp\/v2\/media?parent=2590"}],"curies":[{"name":"wp","href":"https:\/\/api.w.org\/{rel}","templated":true}]}}